{"id":393,"date":"2017-12-20T23:27:28","date_gmt":"2017-12-20T20:27:28","guid":{"rendered":"http:\/\/dergi.fabad.org.tr\/new\/?page_id=393"},"modified":"2022-11-17T17:18:58","modified_gmt":"2022-11-17T14:18:58","slug":"tarihce","status":"publish","type":"page","link":"https:\/\/dergi.fabad.org.tr\/en\/tarihce\/","title":{"rendered":"History"},"content":{"rendered":"<p>Among the various scientific and social activities of FABAD Society of Pharmaceutical Sciences of Ankara, the most important one is to publish and distribute \u201cFABAD Journal of Pharmaceutical Sciences\u201d. This journal has begun to be publish in 1969 under the name of \u201cBulletin of Association of Pharmaceutical Sciences of Ankara\u201d. At that time, the Publisher of this bulletin was Pharm. Abdullah UNGAN and the Reduction Committee was consisted of Prof. Dr. Enver IZG\u00dc, Prof. Dr. Mekin TANKER, Pharm. Aysen KARAN, Pharm. Suna DURU, Pharm. Okan ATAY and Pharm. H\u00fcsn\u00fc \u00d6ZG\u00d6REN, whereas in the editorial board Prof. Dr. Mekin TANKER, Pharm. Okan ATAY and Pharm. Ekrem SEZIK were present. Until the year of 1981, this bulletin was published for 2-3 times a year. From September 1981, the bulletin was renamed as \u201cFABAD Journal of Pharmaceutical Sciences\u201d. The journal has begun to be published three times a year (April, August, and December) since 2017. The cover page of FABAD Journal of Pharmaceutical Sciences has been changed 5 times as shown below. In 1993, the size of the Journal has been chaged to A4 format while the language of scientific articles was determined as English. Since 2002, the official language of the Journal was completely changed to English and the cover page was also renewed during this term. The FABAD Journal of Pharmaceutical Sciences has been accepted to be indexed in Chemical Abstracts since September 19, 1983 as shown below. Currently, the Journal is indexed in Chemical Abstracts, Analytical Abstracts, International Pharmaceutical Abstracts, Excerpta Medica (EMBASE), Scopus, Turkish Medical Index and TR Index. The Journal has been distributed to members, various libraries and related database centers in Turkey (393) and out of Turkey (59) being totally 452. At 2005, a detailed WEB site of the Journal has been prepared which is giving free access to the abstracts of articles since 1995 and PDF files of all articles since 2003. In 2016, the website for the journal was updated and PDF files of all articles have been accessed since 1970, when the journal started its publication life.<\/p>\n<p>The names of the Editors-in-Chief and Associate Editors have been listed since 1969 till today below.<\/p>\n<p><strong>1969-1981;<\/strong><br \/>\nEnver IZG\u00dc (Editor-in-Chief )<\/p>\n<p><strong>1981 March-1984 June;<\/strong><br \/>\nAysen KARAN (Editor-in-Chief )<\/p>\n<p><strong>1984 September-1985 December;<\/strong><br \/>\nAysen KARAN (Editor-in-Chief )<br \/>\nOkan ATAY (Associate Editor)<\/p>\n<p><strong>1986 March-1986 September;<\/strong><br \/>\nOkan ATAY (Editor-in-Chief )<br \/>\nS\u00fcheyla KAS (Associate Editor)<\/p>\n<p><strong>1986 December-1988 September;<\/strong><br \/>\nOkan ATAY (Editor-in-Chief )<br \/>\nFethi SAHIN (Associate Editor)<\/p>\n<p><strong>1988 December-1990 December;<\/strong><br \/>\nOkan ATAY (Editor-in-Chief )<br \/>\nS\u00fcheyla KAS (Associate Editor)<\/p>\n<p><strong>1991 March-1992 June;<\/strong><br \/>\nIsmail \u00dcSTEL (Editor-in-Chief )<br \/>\nUfuk ABBASOGLU (Associate Editor)<br \/>\nAhmet BASARAN (Associate Editor)<\/p>\n<p><strong>1992 September-1994 September;<\/strong><br \/>\nIlbeyi AGABEYOGLU (Editor-in-Chief )<br \/>\nNevin \u00c7ELEBI (Associate Editor)<br \/>\nFatma G\u00dcM\u00dcS (Associate Editor)<\/p>\n<p><strong>1994 December-1995 June;\u00a0<\/strong><br \/>\nIlbeyi AGABEYOGLU (Editor-in-Chief )<br \/>\nFatma G\u00dcM\u00dcS (Associate Editor)<br \/>\nF\u00fcsun ACART\u00dcRK (Associate Editor)<\/p>\n<p><strong>1995 September-1996 June;\u00a0<\/strong><br \/>\nIlbeyi AGABEYOGLU (Editor-in-Chief )<br \/>\nFatma G\u00dcM\u00dcS (Associate Editor)<\/p>\n<p><strong>1996 September-1998 September;<\/strong><br \/>\nSema BURGAZ (Editor-in-Chief )<br \/>\nSenay K\u00dcSMENOGLU (Associate Editor)<br \/>\nSulhiye YILDIZ (Associate Editor)<\/p>\n<p><strong>1998 December-2000 September;<\/strong><br \/>\nRahmiye ERTAN (Editor-in-Chief )<br \/>\nErdem YESILADA (Associate Editor)<br \/>\nSevgi SAR (Associate Editor)<\/p>\n<p><strong>2000 December-2002 September;<\/strong><br \/>\nSema \u00c7ALIS (Editor-in-Chief )<br \/>\nSelma SARA\u00c7 (Associate Editor)<br \/>\nI. Tayfun UZBAY (Associate Editor)<\/p>\n<p><strong>2002 December-2003 December;<\/strong><br \/>\nSema \u00c7ALIS (Editor-in-Chief )<br \/>\nSelma SARA\u00c7 (Associate Editor)<br \/>\nG\u00fclberk U\u00c7AR (Associate Editor)<\/p>\n<p><strong>2004 March \u2013 2009 January;<\/strong><br \/>\nSelma SARA\u00c7 (Editor-in-Chief )<br \/>\n\u00dcnsal \u00c7ALIS (Associate Editor)<br \/>\nBelma GIRAY (Associate Editor)<\/p>\n<p><strong>2009 January-2011 September;<\/strong><br \/>\nSevda \u015eENEL (Editor-in-Chief)<br \/>\nR. Neslihan G\u00dcRSOY (Associate Editor)<br \/>\n\u00dc. \u015eebnem HARPUT H\u00dcDAVERD\u0130 (Associate Editor)<\/p>\n<p><strong>2011 September-2013 June;<\/strong><br \/>\nDidem DEL\u0130ORMAN ORHAN (Editor-in-Chief)<br \/>\nSultan BAYTA\u015e (Associate Editor)<br \/>\nAhmet O\u011fuz ADA (Associate Editor)<br \/>\n\u0130ffet \u0130rem \u00c7ANKAYA (Associate Editor)<br \/>\nAysel BERKKAN (Associate Editor)<\/p>\n<p><strong>2013 September-2016 January;<\/strong><br \/>\nDidem DEL\u0130ORMAN ORHAN (Editor-in-Chief)<br \/>\nAhmet O\u011fuz ADA (Associate Editor)<br \/>\n\u0130ffet \u0130rem \u00c7ANKAYA (Associate Editor)<br \/>\nAysel BERKKAN (Associate Editor)<br \/>\nNil\u00fcfer ORHAN (Associate Editor)<\/p>\n<p><strong>2016 January-2017 December;<\/strong><br \/>\nNesrin G\u00d6KHAN-KELEK\u00c7\u0130 (Editor-in-Chief)<br \/>\nAhmet O\u011fuz ADA (Associate Editor)<br \/>\nIrem TATLI \u00c7ANKAYA(Associate Editor)<br \/>\nSibel \u0130LBASMI\u015e TAMER (Associate Editor)<br \/>\nSuna SABUNCUO\u011eLU(Associate Editor)<\/p>\n<p><strong>2018 January-2019 November;<\/strong><br \/>\nNesrin G\u00d6KHAN-KELEK\u00c7\u0130 (Editor-in-Chief)<br \/>\nAhmet O\u011fuz ADA (Associate Editor)<br \/>\nSibel \u0130LBASMI\u015e TAMER (Associate Editor)<br \/>\nSuna SABUNCUO\u011eLU(Associate Editor)<\/p>\n<p><strong>2019 November- 2022 November;<\/strong><br \/>\nNesrin G\u00d6KHAN-KELEK\u00c7\u0130 (Editor-in-Chief)<br \/>\nAhmet O\u011fuz ADA (Associate Editor)<br \/>\nSibel \u0130LBASMI\u015e TAMER (Associate Editor)<br \/>\nSuna SABUNCUO\u011eLU(Associate Editor)<br \/>\nSelen Alp\u00a0(Associate Editor)<br \/>\nFatma Sezer \u015eenol Deniz\u00a0(Associate Editor)<\/p>\n<p><strong>2022 November-;<\/strong><br \/>\nNesrin G\u00d6KHAN-KELEK\u00c7\u0130 (Editor-in-Chief)<br \/>\nSibel \u0130LBASMI\u015e TAMER (Associate Editor)<br \/>\nSelen ALP (Associate Editor)<br \/>\nFatma Sezer \u015eENOL DEN\u0130Z (Associate Editor)<br \/>\nG\u00f6k\u00e7en TELL\u0130 (Technical Editor)<br \/>\nV. Murat KUTLUAY (Technical Editor)<br \/>\nHatice Ya\u011fmur ZENG\u0130N (Biostatistic Editor)<\/p>\n<div id='gallery-2' class='gallery galleryid-393 gallery-columns-5 gallery-size-medium'><figure class='gallery-item'>\n\t\t\t<div class='gallery-icon portrait'>\n\t\t\t\t<a href='https:\/\/dergi.fabad.org.tr\/wp-content\/uploads\/2017\/12\/FABAD_Kapak_1969-1981.jpg'><img loading=\"lazy\" decoding=\"async\" width=\"209\" height=\"300\" src=\"https:\/\/dergi.fabad.org.tr\/wp-content\/uploads\/2017\/12\/FABAD_Kapak_1969-1981-209x300.jpg\" class=\"attachment-medium size-medium\" alt=\"1969, 1 (1) \u2013 1981, 6(1).\" aria-describedby=\"gallery-2-394\" srcset=\"https:\/\/dergi.fabad.org.tr\/wp-content\/uploads\/2017\/12\/FABAD_Kapak_1969-1981-209x300.jpg 209w, https:\/\/dergi.fabad.org.tr\/wp-content\/uploads\/2017\/12\/FABAD_Kapak_1969-1981.jpg 300w\" sizes=\"auto, (max-width: 209px) 100vw, 209px\" \/><\/a>\n\t\t\t<\/div>\n\t\t\t\t<figcaption class='wp-caption-text gallery-caption' id='gallery-2-394'>\n\t\t\t\t1969, 1 (1) \u2013 1981, 6(1).\n\t\t\t\t<\/figcaption><\/figure><figure class='gallery-item'>\n\t\t\t<div class='gallery-icon portrait'>\n\t\t\t\t<a href='https:\/\/dergi.fabad.org.tr\/wp-content\/uploads\/2017\/12\/FABAD_Kapak_1981-1986.jpg'><img loading=\"lazy\" decoding=\"async\" width=\"209\" height=\"300\" src=\"https:\/\/dergi.fabad.org.tr\/wp-content\/uploads\/2017\/12\/FABAD_Kapak_1981-1986-209x300.jpg\" class=\"attachment-medium size-medium\" alt=\"1981, 6 (2) \u2013 1986, 11(4).\" aria-describedby=\"gallery-2-395\" srcset=\"https:\/\/dergi.fabad.org.tr\/wp-content\/uploads\/2017\/12\/FABAD_Kapak_1981-1986-209x300.jpg 209w, https:\/\/dergi.fabad.org.tr\/wp-content\/uploads\/2017\/12\/FABAD_Kapak_1981-1986.jpg 300w\" sizes=\"auto, (max-width: 209px) 100vw, 209px\" \/><\/a>\n\t\t\t<\/div>\n\t\t\t\t<figcaption class='wp-caption-text gallery-caption' id='gallery-2-395'>\n\t\t\t\t1981, 6 (2) \u2013 1986, 11(4).\n\t\t\t\t<\/figcaption><\/figure><figure class='gallery-item'>\n\t\t\t<div class='gallery-icon portrait'>\n\t\t\t\t<a href='https:\/\/dergi.fabad.org.tr\/wp-content\/uploads\/2017\/12\/FABAD_Kapak_1987-1992.jpg'><img loading=\"lazy\" decoding=\"async\" width=\"210\" height=\"300\" src=\"https:\/\/dergi.fabad.org.tr\/wp-content\/uploads\/2017\/12\/FABAD_Kapak_1987-1992-210x300.jpg\" class=\"attachment-medium size-medium\" alt=\"1987, 12(1) \u2013 1992, 17(4).\" aria-describedby=\"gallery-2-396\" srcset=\"https:\/\/dergi.fabad.org.tr\/wp-content\/uploads\/2017\/12\/FABAD_Kapak_1987-1992-210x300.jpg 210w, https:\/\/dergi.fabad.org.tr\/wp-content\/uploads\/2017\/12\/FABAD_Kapak_1987-1992.jpg 300w\" sizes=\"auto, (max-width: 210px) 100vw, 210px\" \/><\/a>\n\t\t\t<\/div>\n\t\t\t\t<figcaption class='wp-caption-text gallery-caption' id='gallery-2-396'>\n\t\t\t\t1987, 12(1) \u2013 1992, 17(4).\n\t\t\t\t<\/figcaption><\/figure><figure class='gallery-item'>\n\t\t\t<div class='gallery-icon portrait'>\n\t\t\t\t<a href='https:\/\/dergi.fabad.org.tr\/wp-content\/uploads\/2017\/12\/FABAD_Kapak_1993-2000.jpg'><img loading=\"lazy\" decoding=\"async\" width=\"218\" height=\"300\" src=\"https:\/\/dergi.fabad.org.tr\/wp-content\/uploads\/2017\/12\/FABAD_Kapak_1993-2000-218x300.jpg\" class=\"attachment-medium size-medium\" alt=\"1993, 18 (1) \u2013 2000, 25(3).\" aria-describedby=\"gallery-2-397\" srcset=\"https:\/\/dergi.fabad.org.tr\/wp-content\/uploads\/2017\/12\/FABAD_Kapak_1993-2000-218x300.jpg 218w, https:\/\/dergi.fabad.org.tr\/wp-content\/uploads\/2017\/12\/FABAD_Kapak_1993-2000.jpg 300w\" sizes=\"auto, (max-width: 218px) 100vw, 218px\" \/><\/a>\n\t\t\t<\/div>\n\t\t\t\t<figcaption class='wp-caption-text gallery-caption' id='gallery-2-397'>\n\t\t\t\t1993, 18 (1) \u2013 2000, 25(3).\n\t\t\t\t<\/figcaption><\/figure><figure class='gallery-item'>\n\t\t\t<div class='gallery-icon portrait'>\n\t\t\t\t<a href='https:\/\/dergi.fabad.org.tr\/wp-content\/uploads\/2017\/12\/FABAD_Kapak_2000-today.jpg'><img loading=\"lazy\" decoding=\"async\" width=\"217\" height=\"300\" src=\"https:\/\/dergi.fabad.org.tr\/wp-content\/uploads\/2017\/12\/FABAD_Kapak_2000-today-217x300.jpg\" class=\"attachment-medium size-medium\" alt=\"2000, 25(4) \u2013 Today.\" aria-describedby=\"gallery-2-398\" srcset=\"https:\/\/dergi.fabad.org.tr\/wp-content\/uploads\/2017\/12\/FABAD_Kapak_2000-today-217x300.jpg 217w, https:\/\/dergi.fabad.org.tr\/wp-content\/uploads\/2017\/12\/FABAD_Kapak_2000-today.jpg 300w\" sizes=\"auto, (max-width: 217px) 100vw, 217px\" \/><\/a>\n\t\t\t<\/div>\n\t\t\t\t<figcaption class='wp-caption-text gallery-caption' id='gallery-2-398'>\n\t\t\t\t2000, 25(4) \u2013 Today.\n\t\t\t\t<\/figcaption><\/figure>\n\t\t<\/div>\n\n<p><figure id=\"attachment_399\" aria-describedby=\"caption-attachment-399\" style=\"width: 600px\" class=\"wp-caption aligncenter\"><a href=\"http:\/\/dergi.fabad.org.tr\/new\/wp-content\/uploads\/2017\/12\/chemical_ca.jpg\"><img loading=\"lazy\" decoding=\"async\" class=\"size-full wp-image-399\" src=\"http:\/\/dergi.fabad.org.tr\/new\/wp-content\/uploads\/2017\/12\/chemical_ca.jpg\" alt=\"Chemical Abstracts Service\" width=\"600\" height=\"701\" srcset=\"https:\/\/dergi.fabad.org.tr\/wp-content\/uploads\/2017\/12\/chemical_ca.jpg 600w, https:\/\/dergi.fabad.org.tr\/wp-content\/uploads\/2017\/12\/chemical_ca-257x300.jpg 257w\" sizes=\"auto, (max-width: 600px) 100vw, 600px\" \/><\/a><figcaption id=\"caption-attachment-399\" class=\"wp-caption-text\">Chemical Abstracts Service<\/figcaption><\/figure><\/p>","protected":false},"excerpt":{"rendered":"<p>Among the various scientific and social activities of FABAD Society of Pharmaceutical Sciences of Ankara, the most important one is to publish and distribute \u201cFABAD Journal of Pharmaceutical Sciences\u201d. This journal has begun to be publish in 1969 under the name of \u201cBulletin of Association of Pharmaceutical Sciences of Ankara\u201d. At that time, the Publisher&hellip;<\/p>\n","protected":false},"author":1,"featured_media":0,"parent":0,"menu_order":0,"comment_status":"closed","ping_status":"closed","template":"","meta":{"footnotes":""},"class_list":["post-393","page","type-page","status-publish","hentry"],"_links":{"self":[{"href":"https:\/\/dergi.fabad.org.tr\/en\/wp-json\/wp\/v2\/pages\/393","targetHints":{"allow":["GET"]}}],"collection":[{"href":"https:\/\/dergi.fabad.org.tr\/en\/wp-json\/wp\/v2\/pages"}],"about":[{"href":"https:\/\/dergi.fabad.org.tr\/en\/wp-json\/wp\/v2\/types\/page"}],"author":[{"embeddable":true,"href":"https:\/\/dergi.fabad.org.tr\/en\/wp-json\/wp\/v2\/users\/1"}],"replies":[{"embeddable":true,"href":"https:\/\/dergi.fabad.org.tr\/en\/wp-json\/wp\/v2\/comments?post=393"}],"version-history":[{"count":6,"href":"https:\/\/dergi.fabad.org.tr\/en\/wp-json\/wp\/v2\/pages\/393\/revisions"}],"predecessor-version":[{"id":2384,"href":"https:\/\/dergi.fabad.org.tr\/en\/wp-json\/wp\/v2\/pages\/393\/revisions\/2384"}],"wp:attachment":[{"href":"https:\/\/dergi.fabad.org.tr\/en\/wp-json\/wp\/v2\/media?parent=393"}],"curies":[{"name":"wp","href":"https:\/\/api.w.org\/{rel}","templated":true}]}}