{"id":1981,"date":"2021-02-21T20:56:08","date_gmt":"2021-02-21T17:56:08","guid":{"rendered":"http:\/\/dergi.fabad.org.tr\/?page_id=1981"},"modified":"2022-11-14T19:31:43","modified_gmt":"2022-11-14T16:31:43","slug":"aim-and-scope","status":"publish","type":"page","link":"https:\/\/dergi.fabad.org.tr\/tr\/aim-and-scope\/","title":{"rendered":"Ama\u00e7 ve Kapsam"},"content":{"rendered":"<p><a href=\"https:\/\/www.fabad.org.tr\/\">FABAD Farmas\u00f6tik Bilimler Dergisi Farmas\u00f6tik Bilimler Ankara Derne\u011fi (FABAD)<\/a> taraf\u0131ndan yay\u0131nlanan a\u00e7\u0131k eri\u015fimli, \u00fccretsiz ve hakemli bir dergidir. 2017 y\u0131l\u0131ndan itibaren y\u0131lda \u00fc\u00e7 say\u0131 olarak (Nisan, A\u011fustos ve Aral\u0131k) yay\u0131nlanmaya devam edilmektedir.<\/p>\n<p>FABAD Farmas\u00f6tik Bilimler Dergisi\u2019nde, sa\u011fl\u0131k ve ilgili alanlarda \u0130ngilizce yaz\u0131lm\u0131\u015f orijinal ara\u015ft\u0131rma makalesi ve derleme makaleleri yay\u0131nlanabilir. Derginin hedef kitlesi, eczac\u0131l\u0131k bilimleri ile ilgili alanlarda uzman olan profesyonellerdir. FABAD Farmas\u00f6tik Bilimler Dergisi, eczac\u0131l\u0131k alan\u0131ndaki ulusal ve uluslararas\u0131 geli\u015fmeleri, ila\u00e7la ilgili multidisipliner \u00e7al\u0131\u015fmalar\u0131; y\u00fcksek bilimsel de\u011fere sahip makaleler yay\u0131nlayarak okurlar\u0131na iletmeyi ama\u00e7lar.<\/p>\n<p>Ki\u015filerin \u00f6zg\u00fcn \u00e7al\u0131\u015fma alan\u0131ndan yapt\u0131klar\u0131 ve kaynaklar b\u00f6l\u00fcm\u00fcnde \u00e7al\u0131\u015fmalar\u0131n\u0131 kaynak g\u00f6sterdikleri derleme makaleleri \u00f6ncelikli tercih nedenidir.<\/p>\n<p><strong>Edit\u00f6r<\/strong><\/p>\n<p>Prof.Dr. Nesrin G\u00d6KHAN \u2013 KELEK\u00c7\u0130, Editor,<\/p>\n<p>FABAD Farmas\u00f6tik Bilimler Dergisi<\/p>\n<p>e-mail: <a href=\"mailto:fabadankara@gmail.com\" target=\"_blank\" rel=\"noopener\">fabadankara@gmail.com<\/a><\/p>","protected":false},"excerpt":{"rendered":"<p>FABAD Farmas\u00f6tik Bilimler Dergisi Farmas\u00f6tik Bilimler Ankara Derne\u011fi (FABAD) taraf\u0131ndan yay\u0131nlanan a\u00e7\u0131k eri\u015fimli, \u00fccretsiz ve hakemli bir dergidir. 2017 y\u0131l\u0131ndan itibaren y\u0131lda \u00fc\u00e7 say\u0131 olarak (Nisan, A\u011fustos ve Aral\u0131k) yay\u0131nlanmaya devam edilmektedir. FABAD Farmas\u00f6tik Bilimler Dergisi\u2019nde, sa\u011fl\u0131k ve ilgili alanlarda \u0130ngilizce yaz\u0131lm\u0131\u015f orijinal ara\u015ft\u0131rma makalesi ve derleme makaleleri yay\u0131nlanabilir. Derginin hedef kitlesi, eczac\u0131l\u0131k bilimleri ile&hellip;<\/p>\n","protected":false},"author":1,"featured_media":0,"parent":0,"menu_order":0,"comment_status":"closed","ping_status":"closed","template":"","meta":{"footnotes":""},"class_list":["post-1981","page","type-page","status-publish","hentry"],"_links":{"self":[{"href":"https:\/\/dergi.fabad.org.tr\/tr\/wp-json\/wp\/v2\/pages\/1981","targetHints":{"allow":["GET"]}}],"collection":[{"href":"https:\/\/dergi.fabad.org.tr\/tr\/wp-json\/wp\/v2\/pages"}],"about":[{"href":"https:\/\/dergi.fabad.org.tr\/tr\/wp-json\/wp\/v2\/types\/page"}],"author":[{"embeddable":true,"href":"https:\/\/dergi.fabad.org.tr\/tr\/wp-json\/wp\/v2\/users\/1"}],"replies":[{"embeddable":true,"href":"https:\/\/dergi.fabad.org.tr\/tr\/wp-json\/wp\/v2\/comments?post=1981"}],"version-history":[{"count":5,"href":"https:\/\/dergi.fabad.org.tr\/tr\/wp-json\/wp\/v2\/pages\/1981\/revisions"}],"predecessor-version":[{"id":2377,"href":"https:\/\/dergi.fabad.org.tr\/tr\/wp-json\/wp\/v2\/pages\/1981\/revisions\/2377"}],"wp:attachment":[{"href":"https:\/\/dergi.fabad.org.tr\/tr\/wp-json\/wp\/v2\/media?parent=1981"}],"curies":[{"name":"wp","href":"https:\/\/api.w.org\/{rel}","templated":true}]}}