{"id":2,"date":"2017-12-20T21:00:38","date_gmt":"2017-12-20T18:00:38","guid":{"rendered":"http:\/\/dergi.fabad.org.tr\/new\/?page_id=2"},"modified":"2026-03-25T11:12:59","modified_gmt":"2026-03-25T08:12:59","slug":"editorial-board","status":"publish","type":"page","link":"https:\/\/dergi.fabad.org.tr\/tr\/editorial-board\/","title":{"rendered":"Edit\u00f6r Kurulu"},"content":{"rendered":"<p><\/p>\n<h2 style=\"text-align: left; padding-left: 160px;\"><strong>Dergi Sahibi<\/strong><\/h2>\n<table border=\"0\" width=\"100%\" cellspacing=\"1\" cellpadding=\"1\">\n<tbody>\n<tr>\n<td scope=\"col\" align=\"right\" width=\"19%\" height=\"18\"><span style=\"font-family: Arial; font-size: small;\"><strong>Sevgi AKAYDIN<\/strong><\/span><\/td>\n<td width=\"2%\"><\/td>\n<td scope=\"col\" align=\"left\" width=\"79%\"><span style=\"font-family: Arial; font-size: small;\">Gazi \u00dcniversitesi, Biyokimya B\u00f6l\u00fcm\u00fc, Ankara, T\u00fcrkiye<\/span><\/td>\n<\/tr>\n<\/tbody>\n<\/table>\n<h2 style=\"text-align: left; padding-left: 160px;\"><strong>Ba\u015f Edit\u00f6r<\/strong><\/h2>\n<table border=\"0\" width=\"100%\" cellspacing=\"1\" cellpadding=\"1\">\n<tbody>\n<tr>\n<td scope=\"col\" align=\"right\" width=\"19%\"><span style=\"font-family: Arial; font-size: small;\"><strong>Nesrin G\u00d6KHAN KELEK\u00c7\u0130<br \/>\n<\/strong><\/span><\/td>\n<td width=\"2%\"><\/td>\n<td scope=\"col\" align=\"left\" width=\"79%\"><span style=\"font-family: Arial; font-size: small;\">Hacettepe \u00dcniversitesi Farmas\u00f6tik Kimya Anabilim Dal\u0131, Ankara, T\u00fcrkiye<\/span><\/td>\n<\/tr>\n<\/tbody>\n<\/table>\n<h2 style=\"text-align: left; padding-left: 160px;\"><strong>Alan Edit\u00f6rleri<\/strong><\/h2>\n<table border=\"0\" width=\"100%\" cellspacing=\"1\" cellpadding=\"1\">\n<tbody>\n<tr>\n<td scope=\"col\" align=\"right\" width=\"19%\"><span style=\"font-family: Arial; font-size: small;\"><strong>Hayriye Eda \u015eATANA<br \/>\nSelin Seda T\u0130MUR<br \/>\nHasya Nazl\u0131 G\u00d6K\u00a0<\/strong><\/span><\/td>\n<td width=\"2%\"><\/td>\n<td scope=\"col\" align=\"left\" width=\"79%\"><span style=\"font-family: Arial; font-size: small;\">Gazi \u00dcniversitesi, Analitik Kimya B\u00f6l\u00fcm\u00fc, Ankara, T\u00fcrkiye<br \/>\nHacettepe \u00dcniversitesi, Eczac\u0131l\u0131k Teknolojisi B\u00f6l\u00fcm\u00fc, Ankara, T\u00fcrkiye<br \/>\nGazi \u00dcniversitesi, Farmakognozi Anabilim Dal\u0131, Ankara, T\u00fcrkiye<br \/>\n<\/span><\/td>\n<\/tr>\n<\/tbody>\n<\/table>\n<h2 style=\"text-align: left; padding-left: 160px;\"><strong>Teknik Edit\u00f6rler<\/strong><\/h2>\n<table border=\"0\" width=\"100%\" cellspacing=\"1\" cellpadding=\"1\">\n<tbody>\n<tr>\n<td scope=\"col\" align=\"right\" width=\"19%\"><span style=\"font-family: Arial; font-size: small;\"><strong>G\u00f6k\u00e7en TELL\u0130<br \/>\nAylin ELKAMA<br \/>\n<\/strong><\/span><\/td>\n<td width=\"2%\"><\/td>\n<td scope=\"col\" align=\"left\" width=\"79%\"><span style=\"font-family: Arial; font-size: small;\">Hacettepe \u00dcniversitesi, Farmakoloji Anabilim Dal\u0131, Ankara, T\u00fcrkiye<br \/>\nGazi \u00dcniversitesi, Farmas\u00f6tik Toksikoloji Anabilim Dal\u0131, Ankara, T\u00fcrkiye<br \/>\n<\/span><\/td>\n<\/tr>\n<\/tbody>\n<\/table>\n<h2 style=\"text-align: left; padding-left: 160px;\"><strong>Biyoistatistik Edit\u00f6r\u00fc<\/strong><\/h2>\n<table border=\"0\" width=\"100%\" cellspacing=\"1\" cellpadding=\"1\">\n<tbody>\n<tr>\n<td scope=\"col\" align=\"right\" width=\"19%\"><span style=\"font-family: Arial; font-size: small;\"><strong>Hatice Ya\u011fmur Zengin<\/strong><\/span><\/td>\n<td width=\"2%\"><\/td>\n<td scope=\"col\" align=\"left\" width=\"79%\"><span style=\"font-family: Arial; font-size: small;\">Hacettepe \u00dcniversitesi, T\u0131p Fak\u00fcltesi, Biyoistatistik Anabilim Dal\u0131, Ankara, T\u00fcrkiye<\/span><\/td>\n<\/tr>\n<\/tbody>\n<\/table>\n<p style=\"text-align: left;\"><strong>Dil Edisyonu:\u00a0<\/strong><em>Grammarly<\/em>\u00a0program\u0131 arac\u0131l\u0131\u011f\u0131yla alan edit\u00f6rleri ve teknik edit\u00f6rler taraf\u0131ndan ilgili dilin yaz\u0131m kurallar\u0131na uygunlu\u011fu de\u011ferlendirilmektedir.<\/p>\n<h2 style=\"text-align: left; padding-left: 160px;\"><strong>Dan\u0131\u015fma Kurulu<\/strong><\/h2>\n<table border=\"0\" width=\"100%\" cellspacing=\"1\" cellpadding=\"1\">\n<tbody>\n<tr>\n<td scope=\"col\" align=\"right\" width=\"19%\"><span style=\"font-family: Arial; font-size: small;\"><b>Almira RAMANAV\u0130\u010c\u0130EN\u0116<br \/>\nAlper G\u00d6KBULUT<br \/>\nAshok K. SHAKYA<br \/>\nAygin EK\u0130NC\u0130O\u011eLU<br \/>\nAy\u015fe KURU\u00dcZ\u00dcM UZ<br \/>\nBharat JHNAWAR<br \/>\nB\u00fclent KIRAN<br \/>\nCeyda Tuba \u015eENGEL T\u00dcRK<br \/>\nChia-Yi TSENG<br \/>\nDidem DEL\u0130ORMAN ORHAN<br \/>\nEmel \u00d6yk\u00fc \u00c7ET\u0130N UYANIKG\u0130L<br \/>\nFiliz BAKAR ATE\u015e<br \/>\nFrancesco EPIFANO<br \/>\nGerard LIZARD<br \/>\nG\u00f6k\u00e7e C\u0130HAN \u00dcST\u00dcNDA\u011e<br \/>\nG\u00f6k\u00e7en EREN<br \/>\nHande G\u00dcRER ORHAN<br \/>\nHasan Abougazar YUSUFO\u011eLU<br \/>\nHasan KIRMIZIBEKMEZ<br \/>\nIkhlas KHAN<br \/>\nI\u015f\u0131l \u00d6ZAKCA G\u00dcND\u00dcZ<br \/>\n\u0130nci Selin DO\u011eAN<br \/>\nLeyla YURTTA\u015e<br \/>\nMelike H. \u00d6ZKAN<br \/>\nMeltem \u00dcNL\u00dcSOY<br \/>\nMerve BACANLI<br \/>\nMerve BEC\u0130T<br \/>\nMesut SANCAR<br \/>\nMing-Wei CHAO<br \/>\nMuharrem \u00d6L\u00c7ER<br \/>\nNatalizia MICELI<br \/>\n\u00d6zlem Nazan ERDO\u011eAN<br \/>\nSevda \u015eENEL<br \/>\nSevtap AYDIN D\u0130LS\u0130Z<br \/>\nSuryakanta SWAIN<br \/>\n\u015e\u00fckr\u00fc BEYDEM\u0130R<br \/>\nTuba \u0130NCE\u00c7AYIR<br \/>\nTu\u011fba T\u00dcYL\u00dc K\u00dc\u00c7\u00dcKKILIN\u00c7<br \/>\nTu\u011f\u00e7e YE\u015e\u0130L<br \/>\nU\u011fur TAMER<br \/>\nVu Dang HOANG<br \/>\nWolfgang SCHUHLY<\/b><\/span><\/td>\n<th scope=\"col\" width=\"2%\"><\/th>\n<td scope=\"col\" width=\"79%\"><span style=\"font-family: Arial; font-size: small;\">Vilnius \u00dcniversitesi, Nanoteknoloji ve Materyal Bilimleri Merkezi Vilnius, Litvanya<br \/>\nAnkara \u00dcniversitesi, Farmakognozi Anabilim Dal\u0131, Ankara, T\u00fcrkiye<br \/>\nAl Ahliyya Amman \u00dcniversitesi Farmas\u00f6tik Kimya Anabilim Dal\u0131, Amman, \u00dcrd\u00fcn<br \/>\nHacettepe \u00dcniversitesi, Klinik Eczac\u0131l\u0131k Anabilim Dal\u0131, Ankara, T\u00fcrkiye<br \/>\nHacettepe \u00dcniversitesi, Farmakognozi Anabilim Dal\u0131, Ankara, T\u00fcrkiye<br \/>\nLovely Professional \u00dcniversitesi, Farmas\u00f6tik Bilimler, Punjap, Hindistan<br \/>\nEge \u00dcniversitesi, Eczac\u0131l\u0131k \u0130\u015fletmecili\u011fi Anabilim Dal\u0131, \u0130zmir, T\u00fcrkiye<br \/>\nAnkara \u00dcniversitesi Farmas\u00f6tik Teknoloji Anabilim Dal\u0131, Ankara, T\u00fcrkiye<br \/>\nChung Yuan Christian \u00dcniversitesi, Biyomedikal M\u00fchendisli\u011fi, Taoyuan, Tayvan<br \/>\nGazi \u00dcniversitesi, Farmakognozi Anabilim Dal\u0131, Ankara, T\u00fcrkiye<br \/>\nEge \u00dcniversitesi, Farmas\u00f6tik Teknolojii Anabilim Dal\u0131, \u0130zmir, T\u00fcrkiye<br \/>\nAnkara \u00dcniversitesi, Biyokimya Anabilim Dal\u0131, Ankara, T\u00fcrkiye<br \/>\nG. D\u2019Annunzio\u201d \u00dcniversitesi, Farmas\u00f6tik Kimya Anabilim Dal\u0131, Chieti-Pescara, \u0130talya<br \/>\nBurgundy \u00dcniversitesi, T\u0131p ve Sa\u011fl\u0131k Ara\u015ft\u0131rmalar\u0131 Frans\u0131z Enstit\u00fcs\u00fc, Dijon, Fransa<br \/>\n\u0130stanbul \u00dcniversitesi, Farmas\u00f6tik Kimya Anabilim Dal\u0131, Ankara, T\u00fcrkiye<br \/>\nGazi \u00dcniversitesi, Farmas\u00f6tik Kimya Anabilim Dal\u0131, Ankara, T\u00fcrkiye<br \/>\nEge \u00dcniversitesi, Farmas\u00f6tik Toksikoloji Anabilim Dal\u0131, \u0130zmir, T\u00fcrkiye<br \/>\nKing Saud \u00dcniversitesi, Farmakognozi Anabilim Dal\u0131, Riyad, Suudi Arabistan<br \/>\nYeditepe \u00dcniversitesi, Farmakognozi Anabilim Dal\u0131, \u0130stanbul, T\u00fcrkiye<br \/>\nMissipsippi \u00dcniversitesi, Do\u011fal \u00dcr\u00fcn Ara\u015ft\u0131rmalar\u0131 Ulusal Merkezi, A.B.D.<br \/>\nAnkara \u00dcniversitesi, Farmakoloji Anabilim Dal\u0131, Ankara, T\u00fcrkiye<br \/>\nKaradeniz Teknik \u00dcniversitesi, Farmas\u00f6tik Kimya Anabilim Dal\u0131, Trabzon, T\u00fcrkiye<br \/>\nAnadolu \u00dcniversitesi, Farmas\u00f6tik Kimya Anabilim Dal\u0131, Eski\u015fehir, T\u00fcrkiye<br \/>\nHacettepe \u00dcniversitesi, Farmakoloji Anabilim Dal\u0131, Ankara, T\u00fcrkiye<br \/>\nAnkara \u00dcniversitesi, Farmas\u00f6tik Kimya Anabilim Dal\u0131, Ankara, T\u00fcrkiye<br \/>\nSa\u011fl\u0131k Bilimleri \u00dcniversitesi, Farmas\u00f6tik Toksikoloji Anabilim Dal\u0131, Ankara, T\u00fcrkiye<br \/>\nAfyonkarahisar Sa\u011fl\u0131k Bilimleri \u00dcniversitesi, Farmas\u00f6tik Toksikoloji Anabilim Dal\u0131, Afyonkarahisar, T\u00fcrkiye<br \/>\nMarmara \u00dcniversitesi, Klinik Eczac\u0131l\u0131k Anabilim Dal\u0131, \u0130stanbul, T\u00fcrkiye<br \/>\nChung Yuan Hristiyan \u00dcniversitesi, Biyobilim Teknolojisi Anabilim Dal\u0131, Taoyuan, Tayvan<br \/>\nAfyonkarahisar Sa\u011fl\u0131k Bilimleri \u00dcniversitesi, Farmas\u00f6tik Teknoloji Anabilim Dal\u0131, Afyonkarahisar, T\u00fcrkiye<br \/>\nMessina \u00dcniversitesi, Kimya ve Biyoloji Anabilim Dal\u0131, Messina, \u0130talya<br \/>\n\u0130stanbul \u00dcniversitesi, Eczac\u0131l\u0131k \u0130\u015fletmecili\u011fi Anabilim Dal\u0131, Ankara, T\u00fcrkiye<br \/>\nHacettepe \u00dcniversitesi, Farmas\u00f6tik Teknoloji Anabilim Dal\u0131, Ankara, T\u00fcrkiye<br \/>\nHacettepe \u00dcniversitesi, Farmas\u00f6tik Toksikoloji Anabilim Dal\u0131, Ankara, T\u00fcrkiye<br \/>\nThe Assam Kaziranga \u00dcniversitesi, Farmas\u00f6tik Bilimler Anabilim Dal\u0131, Assam, Hindistan<br \/>\nAnadolu \u00dcniversitesi, Farmas\u00f6tik Mikrobiyoloji Anabilim Dal\u0131, Ankara, T\u00fcrkiye<br \/>\nGazi \u00dcniversitesi, Farmas\u00f6tik Teknoloji Anabilim Dal\u0131, Ankara, T\u00fcrkiye<br \/>\nHacettepe \u00dcniversitesi, Biyokimya Anabilim Dal\u0131, Ankara, T\u00fcrkiye<br \/>\nMarmara \u00dcniversitesi, Farmas\u00f6tik Toksikoloji Anabilim Dal\u0131, \u0130stanbul, T\u00fcrkiye<br \/>\nGazi \u00dcniversitesi, Analitik Kimya Anabilim Dal\u0131, Eski\u015fehir, T\u00fcrkiye<br \/>\nHanoi Eczac\u0131l\u0131k \u00dcniversitesi, Analitik Kimya ve Toksikoloji Anabilim Dal\u0131, Hanoi, Vietnam<br \/>\nGraz \u00dcniversitesi Farmas\u00f6tik Bilimler Enstit\u00fcs\u00fc, Farmakognozi Anabilim Dal\u0131, Graz, Avusturya<\/span><\/td>\n<\/tr>\n<\/tbody>\n<\/table>\n<p><\/p>","protected":false},"excerpt":{"rendered":"<p>Dergi Sahibi Sevgi AKAYDIN Gazi \u00dcniversitesi, Biyokimya B\u00f6l\u00fcm\u00fc, Ankara, T\u00fcrkiye Ba\u015f Edit\u00f6r Nesrin G\u00d6KHAN KELEK\u00c7\u0130 Hacettepe \u00dcniversitesi Farmas\u00f6tik Kimya Anabilim Dal\u0131, Ankara, T\u00fcrkiye Alan Edit\u00f6rleri Hayriye Eda \u015eATANA Selin Seda T\u0130MUR Hasya Nazl\u0131 G\u00d6K\u00a0 Gazi \u00dcniversitesi, Analitik Kimya B\u00f6l\u00fcm\u00fc, Ankara, T\u00fcrkiye Hacettepe \u00dcniversitesi, Eczac\u0131l\u0131k Teknolojisi B\u00f6l\u00fcm\u00fc, Ankara, T\u00fcrkiye Gazi \u00dcniversitesi, Farmakognozi Anabilim Dal\u0131, Ankara, T\u00fcrkiye&hellip;<\/p>\n","protected":false},"author":1,"featured_media":0,"parent":0,"menu_order":0,"comment_status":"closed","ping_status":"open","template":"","meta":{"footnotes":""},"class_list":["post-2","page","type-page","status-publish","hentry"],"_links":{"self":[{"href":"https:\/\/dergi.fabad.org.tr\/tr\/wp-json\/wp\/v2\/pages\/2","targetHints":{"allow":["GET"]}}],"collection":[{"href":"https:\/\/dergi.fabad.org.tr\/tr\/wp-json\/wp\/v2\/pages"}],"about":[{"href":"https:\/\/dergi.fabad.org.tr\/tr\/wp-json\/wp\/v2\/types\/page"}],"author":[{"embeddable":true,"href":"https:\/\/dergi.fabad.org.tr\/tr\/wp-json\/wp\/v2\/users\/1"}],"replies":[{"embeddable":true,"href":"https:\/\/dergi.fabad.org.tr\/tr\/wp-json\/wp\/v2\/comments?post=2"}],"version-history":[{"count":33,"href":"https:\/\/dergi.fabad.org.tr\/tr\/wp-json\/wp\/v2\/pages\/2\/revisions"}],"predecessor-version":[{"id":2872,"href":"https:\/\/dergi.fabad.org.tr\/tr\/wp-json\/wp\/v2\/pages\/2\/revisions\/2872"}],"wp:attachment":[{"href":"https:\/\/dergi.fabad.org.tr\/tr\/wp-json\/wp\/v2\/media?parent=2"}],"curies":[{"name":"wp","href":"https:\/\/api.w.org\/{rel}","templated":true}]}}