{"id":2093,"date":"2021-07-08T16:01:11","date_gmt":"2021-07-08T13:01:11","guid":{"rendered":"http:\/\/dergi.fabad.org.tr\/?page_id=2093"},"modified":"2022-11-17T17:33:19","modified_gmt":"2022-11-17T14:33:19","slug":"publication-ethics","status":"publish","type":"page","link":"https:\/\/dergi.fabad.org.tr\/tr\/publication-ethics\/","title":{"rendered":"Etik \u0130lkeler"},"content":{"rendered":"<p><\/p>\n<h3><strong>YAYIN POL\u0130T\u0130KASI VE ET\u0130K \u0130LKELER <\/strong><\/h3>\n<p style=\"padding-left: 40px;\">FABAD Farmas\u00f6tik Bilimler Dergisi, farmas\u00f6tik bilimler alan\u0131ndaki orijinal ara\u015ft\u0131rmalar ve derlemelerin yay\u0131mland\u0131\u011f\u0131, a\u00e7\u0131k eri\u015fimli ve hakemli bir dergidir.<\/p>\n<p style=\"padding-left: 40px;\">1976 Copyright Act\u2019e g\u00f6re, yay\u0131mlanmak \u00fczere kabul edilen yaz\u0131lar\u0131n her t\u00fcrl\u00fc yay\u0131n hakk\u0131 dergiyi yay\u0131mlayan kuruma aittir. Makalelerin yay\u0131n ve telif haklar\u0131 dergiye ait olup, telif hakk\u0131 i\u00e7in \u00f6deme yap\u0131lmaz.<\/p>\n<p style=\"padding-left: 40px;\">Dergiye gelen makaleler ba\u015f edit\u00f6r \/edit\u00f6r yard\u0131mc\u0131(lar)\u0131 taraf\u0131ndan bi\u00e7imsel ve bilimsel bir \u00f6n incelemeye tabi tutulur. Dergi kurallar\u0131na g\u00f6re yaz\u0131lmam\u0131\u015f olan makaleler kesinlikle kabul edilmez.<\/p>\n<p style=\"padding-left: 40px;\">\u00d6n incelemeden ge\u00e7en makaleler ba\u015f edit\u00f6r\/edit\u00f6r yard\u0131mc\u0131(lar)\u0131 taraf\u0131ndan en az iki uzman hakeme g\u00f6nderilerek bilimsel olarak de\u011ferlendirilmesi sa\u011flan\u0131r.<\/p>\n<p style=\"padding-left: 40px;\">De\u011ferlendirme s\u00fcreci tamamlanan ve dergide yay\u0131nlanmak \u00fczere kabul edilen makalelerin yay\u0131nlanma s\u0131ras\u0131na makalelerin geli\u015f s\u0131ras\u0131na g\u00f6re dergi ba\u015f edit\u00f6r\u00fc\/edit\u00f6r yard\u0131mc\u0131(lar)\u0131 karar verir.<\/p>\n<p style=\"padding-left: 40px;\">Makalenin de\u011ferlendirilmesi ile ilgili yaz\u0131\u015fmalar sadece sorumlu yazar ile yap\u0131lacakt\u0131r.<\/p>\n<p style=\"padding-left: 40px;\">FABAD Farmas\u00f6tik Bilimler Dergisi makale kabul\u00fc ve yay\u0131m\u0131nda etik kurallara uyar. Dergimizde bir makalenin yay\u0131nlanmas\u0131, yazar, dergi edit\u00f6rleri, hakem gibi bir\u00e7ok taraf\u0131 i\u00e7erir. Taraflar\u0131n her birinin, makalenin sunulmas\u0131ndan yay\u0131nlanmas\u0131na kadar kat\u0131l\u0131mlar\u0131n\u0131n t\u00fcm a\u015famalar\u0131nda beklenen etik standartlar\u0131 kar\u015f\u0131lama sorumluluklar\u0131 vard\u0131r.<\/p>\n<p style=\"padding-left: 40px;\">FABAD Farmas\u00f6tik Bilimler Dergisi Y\u00fcksek \u00d6\u011fretim Kurulu\u2019nun yay\u0131nlad\u0131\u011f\u0131 Y\u00fcksek\u00f6\u011fretim Kurumlar\u0131 Bilimsel Ara\u015ft\u0131rma ve Yay\u0131n Eti\u011fi Y\u00f6nergesi ba\u015fta olmak \u00fczere Yay\u0131n Eti\u011fi Komitesi (Committee on Publication Ethics- COPE) (https:\/\/publicationethics.org\/), Bilim Edit\u00f6rleri Konseyi (Council of Science Editors-CSE) (https:\/\/www.councilscienceeditors.org\/resource-library\/editorial-policies\/cse-policies\/) ve Medikal Dergi Edit\u00f6rleri Konseyi\u2019nin (International Council of Medical Journal Editors ICMJE) (https:\/\/icmje.org\/icmje-recommendations.pdf) standart ve y\u00f6nergelerini kabul eder ve uygular.<\/p>\n<p style=\"padding-left: 40px;\">Yay\u0131nlanacak t\u00fcm insan veya hayvan \u00e7al\u0131\u015fmalar\u0131nda etik kurul raporu al\u0131nmas\u0131 beklenmektedir.<\/p>\n<p style=\"padding-left: 40px;\">\u0130nsan \u00e7al\u0131\u015fmalar\u0131nda <a href=\"https:\/\/dergi.fabad.org.tr\/file\/Helsinki%20Bildirgesi.pdf\" target=\"_blank\" rel=\"noopener\">Helsinki Deklerasyonu Prensipleri<\/a>\u2019ne uygunluk ilkesi aranmaktad\u0131r. Bu tip \u00e7al\u0131\u015fmalar\u0131n varl\u0131\u011f\u0131nda yazarlardan, makalenin Materyal ve y\u00f6ntem b\u00f6l\u00fcm\u00fcnde bu prensiplere uygun olarak \u00e7al\u0131\u015fmay\u0131 yapt\u0131klar\u0131n\u0131, kurumlar\u0131n\u0131n etik kurullar\u0131ndan ald\u0131klar\u0131 raporun tarih ve numaras\u0131n\u0131 eklemeleri beklenmektedir.<\/p>\n<p style=\"padding-left: 40px;\">Hayvan kullan\u0131lan \u00e7al\u0131\u015fmalarda ise <a href=\"https:\/\/dergi.fabad.org.tr\/file\/guide-for-the-care-and-use-of-laboratory-animals.pdf\" target=\"_blank\" rel=\"noopener\">Guide for the Care and Use of Laboratory Animals<\/a> prensipleri do\u011frultusunda \u00e7al\u0131\u015fmalar\u0131nda hayvan haklar\u0131n\u0131 koruduklar\u0131n\u0131 ve kurumlar\u0131n\u0131n etik kurullar\u0131ndan onay ald\u0131klar\u0131n\u0131 belirtmelidirler. Makalenin Materyal ve y\u00f6ntem b\u00f6l\u00fcm\u00fcnde bu prensiplere uygun olarak \u00e7al\u0131\u015fmay\u0131 yapt\u0131klar\u0131n\u0131, kurumlar\u0131n\u0131n etik kurullar\u0131ndan ald\u0131klar\u0131 raporun tarih ve numaras\u0131n\u0131 eklemeleri beklenmektedir.<\/p>\n<p style=\"padding-left: 40px;\">Bitkisel materyaller i\u00e7in herbaryum adresi, numaras\u0131 ve te\u015fhis eden ki\u015finin ad\u0131 ve soyad\u0131 verilmelidir.<\/p>\n<h3><strong>YAYIN ET\u0130\u011e\u0130 <\/strong><\/h3>\n<p>Dergimize yay\u0131mlanmak \u00fczere g\u00f6nderilen t\u00fcm makaleler, yazarlar taraf\u0131ndan, intihal tarama programlar\u0131 ile taranm\u0131\u015f olmal\u0131d\u0131r. Benzerlik oran\u0131 %20\u2019den y\u00fcksek \u00e7\u0131kan makaleler edit\u00f6rler taraf\u0131ndan yazara iade edilir.<\/p>\n<p>FABAD Farmas\u00f6tik Bilimler Dergisi Y\u00fcksek \u00d6\u011fretim Kurulu\u2019nun yay\u0131nlad\u0131\u011f\u0131 \u201c<a href=\"https:\/\/www.yok.gov.tr\/Sayfalar\/Kurumsal\/mevzuat\/bilimsel-arastirma-ve-etik-yonetmeligi.aspx\"><strong>B\u0130L\u0130MSEL ARA\u015eTIRMA VE YAYIN ET\u0130\u011e\u0130 Y\u00d6NERGES\u0130<\/strong><\/a>\u201d \u2018nin a\u015fa\u011f\u0131da belirtilen kurallar\u0131n\u0131 kabul eder ve uygular.<\/p>\n<p>Madde 4 \u2013 (1) Bilimsel ara\u015ft\u0131rma ve yay\u0131n eti\u011fine ayk\u0131r\u0131 eylemler \u015funlard\u0131r:<\/p>\n<p style=\"padding-left: 40px;\">a) \u0130ntihal: Ba\u015fkalar\u0131n\u0131n \u00f6zg\u00fcn fikirlerini, metotlar\u0131n\u0131, verilerini veya eserlerini bilimsel kurallara uygun bi\u00e7imde at\u0131f yapmadan k\u0131smen veya tamamen kendi eseri gibi g\u00f6stermek,<\/p>\n<p style=\"padding-left: 40px;\">b) Sahtecilik: Bilimsel ara\u015ft\u0131rmalarda ger\u00e7ekte var olmayan veya tahrif edilmi\u015f verileri kullanmak,<\/p>\n<p style=\"padding-left: 40px;\">c) \u00c7arp\u0131tma: Ara\u015ft\u0131rma kay\u0131tlar\u0131 veya elde edilen verileri tahrif etmek, ara\u015ft\u0131rmada kullan\u0131lmayan cihaz veya materyalleri kullan\u0131lm\u0131\u015f gibi g\u00f6stermek, destek al\u0131nan ki\u015fi ve kurulu\u015flar\u0131n \u00e7\u0131karlar\u0131 do\u011frultusunda ara\u015ft\u0131rma sonu\u00e7lar\u0131n\u0131 tahrif etmek veya \u015fekillendirmek,<\/p>\n<p style=\"padding-left: 40px;\">d)Tekrar yay\u0131m: M\u00fckerrer yay\u0131nlar\u0131n\u0131 akademik atama ve y\u00fckselmelerde ayr\u0131 yay\u0131nlar olarak sunmak,<\/p>\n<p style=\"padding-left: 40px;\">e)Dilimleme: Bir ara\u015ft\u0131rman\u0131n sonu\u00e7lar\u0131n\u0131, ara\u015ft\u0131rman\u0131n b\u00fct\u00fcnl\u00fc\u011f\u00fcn\u00fc bozacak \u015fekilde ve uygun olmayan bi\u00e7imde par\u00e7alara ay\u0131r\u0131p birden fazla say\u0131da yay\u0131mlayarak bu yay\u0131nlar\u0131 akademik atama ve y\u00fckselmelerde ayr\u0131 yay\u0131nlar olarak sunmak,<\/p>\n<p style=\"padding-left: 40px;\">f)Haks\u0131z yazarl\u0131k: Aktif katk\u0131s\u0131 olmayan ki\u015fileri yazarlar aras\u0131na d\u00e2hil etmek veya olan ki\u015fileri d\u00e2hil etmemek, yazar s\u0131ralamas\u0131n\u0131 gerek\u00e7esiz ve uygun olmayan bir bi\u00e7imde de\u011fi\u015ftirmek, aktif katk\u0131s\u0131 olanlar\u0131n isimlerini sonraki bask\u0131larda eserden \u00e7\u0131kartmak, aktif katk\u0131s\u0131 olmad\u0131\u011f\u0131 halde n\u00fcfuzunu kullanarak ismini yazarlar aras\u0131na d\u00e2hil ettirmek,<\/p>\n<p>(2) Di\u011fer etik ihlal t\u00fcrleri \u015funlard\u0131r:<\/p>\n<p style=\"padding-left: 40px;\">a)Destek al\u0131narak y\u00fcr\u00fct\u00fclen ara\u015ft\u0131rmalar sonucu yap\u0131lan yay\u0131nlarda destek veren ki\u015fi, kurum veya kurulu\u015flar ile bunlar\u0131n katk\u0131lar\u0131n\u0131 belirtmemek,<\/p>\n<p style=\"padding-left: 40px;\">b)Hen\u00fcz sunulmam\u0131\u015f veya savunularak kabul edilmemi\u015f tez veya \u00e7al\u0131\u015fmalar\u0131, sahibinin izni olmadan kaynak olarak kullanmak,<\/p>\n<p style=\"padding-left: 40px;\">c)\u0130nsan ve hayvanlar \u00fczerinde yap\u0131lan ara\u015ft\u0131rmalarda etik kurallara uymamak, yay\u0131nlar\u0131nda hasta haklar\u0131na sayg\u0131 g\u00f6stermemek,<\/p>\n<p style=\"padding-left: 40px;\">d)\u0130nsanlarla ilgili biyomedikal ara\u015ft\u0131rmalarda ve di\u011fer klinik ara\u015ft\u0131rmalarda ilgili mevzuat h\u00fck\u00fcmlerine ayk\u0131r\u0131 davranmak,<\/p>\n<p style=\"padding-left: 40px;\">e)\u0130ncelemek \u00fczere g\u00f6revlendirildi\u011fi bir eserde yer alan bilgileri eser sahibinin a\u00e7\u0131k izni olmaks\u0131z\u0131n yay\u0131mlanmadan \u00f6nce ba\u015fkalar\u0131yla payla\u015fmak,<\/p>\n<p style=\"padding-left: 40px;\">f)Bilimsel ara\u015ft\u0131rma i\u00e7in sa\u011flanan veya ayr\u0131lan kaynaklar\u0131, mek\u00e2nlar\u0131, imk\u00e2nlar\u0131 ve cihazlar\u0131 ama\u00e7 d\u0131\u015f\u0131 kullanmak,<\/p>\n<p style=\"padding-left: 40px;\">g)Dayanaks\u0131z, yersiz ve kas\u0131tl\u0131 olarak etik ihlal isnad\u0131nda bulunmak,<\/p>\n<p style=\"padding-left: 40px;\">h)Bilimsel bir \u00e7al\u0131\u015fma kapsam\u0131nda yap\u0131lan anket ve tutum ara\u015ft\u0131rmalar\u0131nda kat\u0131l\u0131mc\u0131lar\u0131n a\u00e7\u0131k r\u0131zas\u0131n\u0131 almadan ya da ara\u015ft\u0131rma bir kurumda yap\u0131lacaksa ayr\u0131ca kurumun iznini almadan elde edilen verileri yay\u0131mlamak,<\/p>\n<p style=\"padding-left: 40px;\">i)Ara\u015ft\u0131rma ve deneylerde, hayvan sa\u011fl\u0131\u011f\u0131na ve ekolojik dengeye zarar vermek,<\/p>\n<p style=\"padding-left: 40px;\">j)Ara\u015ft\u0131rma ve deneylerde, \u00e7al\u0131\u015fmalara ba\u015flamadan \u00f6nce al\u0131nmas\u0131 gereken izinleri yetkili birimlerden yaz\u0131l\u0131 olarak almamak.<\/p>\n<p style=\"padding-left: 40px;\">k) Ara\u015ft\u0131rma ve deneylerde mevzuat\u0131n veya T\u00fcrkiye\u2019nin taraf oldu\u011fu uluslararas\u0131 s\u00f6zle\u015fmelerin ilgili ara\u015ft\u0131rma ve deneylere dair h\u00fck\u00fcmlerine ayk\u0131r\u0131 \u00e7al\u0131\u015fmalarda bulunmak.<\/p>\n<p style=\"padding-left: 40px;\">l)Ara\u015ft\u0131rmac\u0131lar ve yetkililerce, yap\u0131lan bilimsel ara\u015ft\u0131rma ile ilgili olarak muhtemel zararl\u0131 uygulamalar konusunda ilgilileri bilgilendirme ve uyarma y\u00fck\u00fcml\u00fc\u011f\u00fcne uymamak,<\/p>\n<p style=\"padding-left: 40px;\">m)Bilimsel \u00e7al\u0131\u015fmalarda, di\u011fer ki\u015fi ve kurumlardan temin edilen veri ve bilgileri, izin verildi\u011fi \u00f6l\u00e7\u00fcde ve \u015fekilde kullanmamak, bu bilgilerin gizlili\u011fine riayet etmemek ve korunmas\u0131n\u0131 sa\u011flamamak,<\/p>\n<p style=\"padding-left: 40px;\">n)Akademik atama ve y\u00fckseltmelerde bilimsel ara\u015ft\u0131rma ve yay\u0131nlara ili\u015fkin yanl\u0131\u015f veya yan\u0131lt\u0131c\u0131 beyanda bulunmak.<\/p>\n<p>\u00c7al\u0131\u015fmada ticari bir ba\u011flant\u0131 veya maddi destek al\u0131nan kurum bulunuyorsa; yazarlar\u0131n kullan\u0131lan ticari \u00fcr\u00fcn, ila\u00e7, firma ile ticari hi\u00e7bir ili\u015fkisinin olmad\u0131\u011f\u0131n\u0131 veya olmas\u0131 durumunda ili\u015fkinin durumu makalede bildirilmelidir. Makalede yazarlardan herhangi birinin ticari \u00e7at\u0131\u015fmas\u0131 varsa kaynaklardan \u00f6nce \u201c\u00c7\u0131kar \u00c7at\u0131\u015fmas\u0131\u201d b\u00f6l\u00fcm\u00fcnde yaz\u0131lmal\u0131d\u0131r. \u00c7al\u0131\u015fma i\u00e7in al\u0131nan finansal destekler varsa mutlaka belirtilmelidir. \u00c7al\u0131\u015fman\u0131n yap\u0131lmas\u0131 s\u0131ras\u0131nda do\u011frudan veya dolayl\u0131 yollardan \u00e7e\u015fitli kurulu\u015flarla (ila\u00e7 firmalar\u0131, ticari \u00fcr\u00fcn ba\u011flant\u0131lar\u0131 vb.) ticari bir ba\u011flant\u0131 kurulduysa (dan\u0131\u015fmanl\u0131k, s\u00f6zle\u015fmeler vb. dahil) makalede beyan edilmelidir.<\/p>\n<h4><strong>Edit\u00f6r\u00fcn Etik Sorumluluklar\u0131<\/strong><\/h4>\n<p style=\"padding-left: 40px;\">Edit\u00f6rler, beklenen g\u00f6revlerini yerine getirirken, yazarlar\u0131n cinsiyeti, cinsel y\u00f6nelimi, dini veya siyasi inan\u00e7lar\u0131, etnik veya co\u011frafi k\u00f6kenine dayal\u0131 ayr\u0131mc\u0131l\u0131k yapmadan dengeli, objektif ve adil davranmal\u0131d\u0131r.<\/p>\n<p style=\"padding-left: 40px;\">Yay\u0131nlar\u0131n kabul edilmesine veya reddedilmesine hakemler ve yard\u0131mc\u0131 edit\u00f6rlerin yard\u0131m\u0131yla ba\u015f edit\u00f6r karar verir.<\/p>\n<p style=\"padding-left: 40px;\">De\u011ferlendirme s\u00fcreci tamamlanan ve dergide yay\u0131nlanmak \u00fczere kabul edilen makalelerin yay\u0131nlanma s\u0131ras\u0131na makalelerin geli\u015f s\u0131ras\u0131na g\u00f6re dergi edit\u00f6r\/edit\u00f6r yard\u0131mc\u0131(lar)\u0131 karar verir.<\/p>\n<p style=\"padding-left: 40px;\">Edit\u00f6rler, uygun uzmanl\u0131\u011fa sahip ve sa\u011flam yarg\u0131ya sahip hakemleri se\u00e7meye \u00e7al\u0131\u015fmal\u0131d\u0131r.<\/p>\n<p style=\"padding-left: 40px;\">Makale kabul s\u00fcrecinde, iki hakemin g\u00f6r\u00fc\u015flerinin farkl\u0131 olmas\u0131 durumunda ba\u015f edit\u00f6r karar vermeli veya \u00fc\u00e7\u00fcnc\u00fc bir hakemin g\u00f6r\u00fc\u015f\u00fc al\u0131narak karar verilmelidir.<\/p>\n<p style=\"padding-left: 40px;\">Edit\u00f6rler hakemlerin de\u011ferlendirmelerini, gizlilik ve tarafs\u0131zl\u0131k ilkesine uygun bir \u015fekilde ve uygun zaman i\u00e7erisinde yapmalar\u0131na dair sorumluluklar\u0131n\u0131 anlamalar\u0131n\u0131 sa\u011flamal\u0131d\u0131r.<\/p>\n<p style=\"padding-left: 40px;\">Hakemler aras\u0131nda veya hakemler ile yazarlar aras\u0131nda bir anla\u015fmazl\u0131k oldu\u011funda veya makalenin hakemler taraf\u0131ndan yeterince dikkate al\u0131nmad\u0131\u011f\u0131n\u0131 d\u00fc\u015f\u00fcnd\u00fc\u011f\u00fcnde, edit\u00f6rler yay\u0131n kurulu \u00fcyelerinden tavsiye almal\u0131d\u0131r.<\/p>\n<p style=\"padding-left: 40px;\">Edit\u00f6rler, bir makaledeki hatalar\u0131 yay\u0131nlanmadan \u00f6nce tespit ederse d\u00fczeltmeli, daha sonra tespit edilmesi durumunda ise d\u00fczeltmeleri yay\u0131nlamal\u0131d\u0131r. T\u00fcm d\u00fczeltme veya geri \u00e7ekme bildirimleri, dergide belirgin bir \u015fekilde yay\u0131nlanmal\u0131 ve orijinal makaleye veya \u00f6zete tam bibliyografik referans\u0131 i\u00e7ermelidir. Ayr\u0131ca i\u00e7indekiler sayfas\u0131nda listelenmeli ve belirgin bir \u015fekilde etiketlenmelidir (\u00f6r. Yaz\u0131m hatas\u0131, geri \u00e7ekme veya \u00f6z\u00fcr dileme).<\/p>\n<p style=\"padding-left: 40px;\">Edit\u00f6rler, yazarlar\u0131 uygun literat\u00fcre ve hakemli dergilerde yap\u0131lan yay\u0131nlara at\u0131fta bulunma konusunda desteklemelidir.<\/p>\n<p style=\"padding-left: 40px;\">Edit\u00f6rler; yay\u0131nlarda yer verilen deneklerin ki\u015fisel verilerin korunmas\u0131n\u0131 sa\u011flamakla y\u00fck\u00fcml\u00fcd\u00fcr. \u00c7al\u0131\u015fmalarda kullan\u0131lan bireylerin a\u00e7\u0131k r\u0131zas\u0131 belgeli olmad\u0131\u011f\u0131 s\u00fcrece \u00e7al\u0131\u015fmay\u0131 reddetmekle g\u00f6revlidir. Edit\u00f6rler; yazar, hakem ve okuyucular\u0131n bireysel verilerini korumaktan sorumludur.<\/p>\n<p style=\"padding-left: 40px;\">Edit\u00f6rler, g\u00f6nderilen bir makale hakk\u0131nda herhangi bir bilgiyi makalenin yazarlar\u0131, hakemler, olas\u0131 hakemler ve uygun oldu\u011fu \u015fekilde yay\u0131nc\u0131 d\u0131\u015f\u0131nda kimseye a\u00e7\u0131klamamal\u0131d\u0131r.<\/p>\n<p style=\"padding-left: 40px;\">Yazarlar\u0131n \u00e7\u0131kar \u00e7at\u0131\u015fmas\u0131 olmas\u0131 durumunda, ba\u015f edit\u00f6r, g\u00f6zden ge\u00e7irilmeden veya yay\u0131na kabul edilmeden \u00f6nce yazarlardan makaleye bu y\u00f6nde bir a\u00e7\u0131klama eklemelerini isteyebilir.<\/p>\n<h4><strong>Hakemlerin Etik Sorumluluklar\u0131<\/strong><\/h4>\n<p style=\"padding-left: 40px;\">Hakemler makaleleri i\u00e7eri\u011fini temel alarak, yazar\u0131n cinsiyet, \u0131rk, din veya siyasi g\u00f6r\u00fc\u015flerine bakmaks\u0131z\u0131n adil \u015fekilde de\u011ferlendirmelidirler.<\/p>\n<p style=\"padding-left: 40px;\">Hakemler tarafs\u0131zl\u0131k ve gizlilik kurallar\u0131 i\u00e7erisinde de\u011ferlendirme yapmal\u0131d\u0131r. Hakemler makaleyi kopyalamamal\u0131 ve saklamamal\u0131d\u0131r.<\/p>\n<p style=\"padding-left: 40px;\">Hakemler kendilerine g\u00f6nderilen makale de\u011ferlendirme davetlerini uzmanl\u0131klar\u0131na g\u00f6re de\u011ferlendirerek zaman\u0131nda kabul\/red cevab\u0131 vermelidir.<\/p>\n<p style=\"padding-left: 40px;\">Hakemler \u00e7al\u0131\u015fman\u0131n kalitesini artt\u0131rmaya y\u00f6nelik de\u011ferlendirmeler yapmal\u0131 ve revizyon i\u00e7in yap\u0131c\u0131 \u00f6nerilerde bulunmal\u0131d\u0131r.<\/p>\n<p style=\"padding-left: 40px;\">Hakemler de\u011ferlendirmelerinde ki\u015fisel sald\u0131r\u0131 ve sert \u00fcsluplardan ka\u00e7\u0131nmal\u0131d\u0131rlar. \u0130nceledikleri makalenin yazarlar\u0131 ile ileti\u015fime ge\u00e7memelidirler.<\/p>\n<p style=\"padding-left: 40px;\">Hakemler \u00e7\u0131kar \u00e7at\u0131\u015fmalar\u0131 oldu\u011funu d\u00fc\u015f\u00fcnd\u00fckleri makalelerle ilgili ba\u015f edit\u00f6r\u00fc bilgilendirmelidirler.<\/p>\n<p style=\"padding-left: 40px;\">Makalenin yay\u0131nlanmas\u0131na engel bir durum hakk\u0131nda bilgi sahibi olmalar\u0131 halinde ba\u015f edit\u00f6rle ileti\u015fime ge\u00e7melidirler.<\/p>\n<h4><strong>Yazarlar\u0131n Etik Sorumluluklar\u0131<\/strong><\/h4>\n<p style=\"padding-left: 40px;\">Dergimize g\u00f6nderilen makaleler, daha \u00f6nce herhangi bir yerde tamamen ya da k\u0131smen yay\u0131mlanmam\u0131\u015f \u00f6zg\u00fcn \u00e7al\u0131\u015fmalar olmal\u0131d\u0131r.<\/p>\n<p style=\"padding-left: 40px;\">Yaz\u0131lardaki d\u00fc\u015f\u00fcnce ve \u00f6neriler t\u00fcm\u00fcyle yazarlar\u0131n sorumlulu\u011fundad\u0131r.<\/p>\n<p style=\"padding-left: 40px;\">Makale sonunda; her bir ara\u015ft\u0131rmac\u0131n\u0131n yay\u0131na verdi\u011fi katk\u0131 k\u0131saca a\u00e7\u0131klanmal\u0131d\u0131r. \u00c7al\u0131\u015fmada yazar olacak ki\u015filerin \u00e7al\u0131\u015fman\u0131n tasar\u0131m\u0131, veri toplama, analiz ve yorumuna yeterli katk\u0131 vermi\u015f olmas\u0131 gerekmektedir.<\/p>\n<p style=\"padding-left: 40px;\">Yazar(lar) makale ile birlikte yaz\u0131\u015fmalardan sorumlu ki\u015finin ad\u0131-soyad\u0131, adresi, telefon numaras\u0131 ve e-posta gibi ileti\u015fim bilgilerini ayr\u0131ca yollamal\u0131d\u0131r. Sorumlu yazar dergi ile ileti\u015fimden ve ortak yazarlar\u0131n bilgilendirilmesinden sorumludur. Yay\u0131na katk\u0131 veren t\u00fcm yazarlar\u0131n yazar listesine dahil edilmesini, s\u0131ras\u0131n\u0131n t\u00fcm yazarlar taraf\u0131ndan kabul edildi\u011fini ve t\u00fcm yazarlar\u0131n makalenin g\u00f6nderildi\u011finden haberdar olmas\u0131n\u0131 sa\u011flar.<\/p>\n<p style=\"padding-left: 40px;\">Dergiye iletilen makaleler ba\u015fka s\u00fcreli yay\u0131nlarda yay\u0131nlanm\u0131\u015f veya yay\u0131nlanmak \u00fczere g\u00f6nderilmi\u015f olmamal\u0131d\u0131r. Ayr\u0131ca dergiye g\u00f6nderilmi\u015f, hakemler taraf\u0131ndan de\u011ferlendirilmi\u015f ve kabul alm\u0131\u015f makaleler dergiden geri \u00e7ekilemez.<\/p>\n<p style=\"padding-left: 40px;\">Ara\u015ft\u0131rma makaleleri, herhangi bir kurumdan ara\u015ft\u0131rma projesi olarak destek alm\u0131\u015f ise proje numaralar\u0131 ile birlikte te\u015fekk\u00fcr k\u0131sm\u0131na yaz\u0131lmal\u0131d\u0131r.<\/p>\n<p style=\"padding-left: 40px;\">Makalede yazarlardan herhangi birinin ticari \u00e7at\u0131\u015fmas\u0131 varsa kaynaklardan \u00f6nce \u201c\u00c7\u0131kar \u00c7at\u0131\u015fmas\u0131\u201d b\u00f6l\u00fcm\u00fcnde yaz\u0131lmal\u0131d\u0131r. \u00a0\u00a0\u00c7al\u0131\u015fma i\u00e7in al\u0131nan finansal destekler varsa mutlaka belirtilmelidir. \u00c7al\u0131\u015fman\u0131n yap\u0131lmas\u0131 s\u0131ras\u0131nda do\u011frudan veya dolayl\u0131 yollardan \u00e7e\u015fitli kurulu\u015flarla (ila\u00e7 firmalar\u0131, ticari \u00fcr\u00fcn ba\u011flant\u0131lar\u0131 vb.) ticari bir ba\u011flant\u0131 kurulduysa (dan\u0131\u015fmanl\u0131k, s\u00f6zle\u015fmeler vb. dahil) makalede beyan edilmelidir.<\/p>\n<p style=\"padding-left: 40px;\">Dergiye g\u00f6nderilecek makalelerin iThenticate program\u0131 ile benzerlik oran\u0131n\u0131n belirlenmesi, programdan al\u0131nan raporun tam metin olarak makale ile birlikte g\u00f6nderilmesi gereklidir.<\/p>\n<p style=\"padding-left: 40px;\">Yazar(lar) ara\u015ft\u0131rma ve derleme makalelerinin de\u011ferlendirilmesi i\u00e7in, hakem \u00f6nerisinde bulunabilirler. Ancak dergi bu \u00f6neriler d\u0131\u015f\u0131nda hakem se\u00e7me hakk\u0131na sahiptir.<\/p>\n<p style=\"padding-left: 40px;\">Hakemler taraf\u0131ndan yay\u0131na yap\u0131lan ele\u015ftirilere yazarlar sorumlu yazar arac\u0131l\u0131\u011f\u0131yla yan\u0131t vermekle ve gerekli de\u011fi\u015fiklikleri yapmakla y\u00fck\u00fcml\u00fcd\u00fcrler. E\u011fer istenen de\u011fi\u015fiklikler yazarlar taraf\u0131ndan uygun bulunmuyorsa, nedeni a\u00e7\u0131klanmal\u0131d\u0131r.<\/p>\n<p style=\"padding-left: 40px;\">Yay\u0131n kabul edildikten sonra yay\u0131nlanmadan \u00f6nce yazarlar sorumlu yazar arac\u0131l\u0131\u011f\u0131yla son d\u00fczeltmeleri yapabilir. Yay\u0131na kabul edilen makalelerdeki imla hatas\u0131 ve dilbilgisi yanl\u0131\u015flar\u0131 d\u0131\u015f\u0131ndaki d\u00fczeltmeler yaln\u0131zca ba\u015f edit\u00f6r\u00fcn onay\u0131 ile yap\u0131labilir.<\/p>\n<p><\/p>","protected":false},"excerpt":{"rendered":"<p>YAYIN POL\u0130T\u0130KASI VE ET\u0130K \u0130LKELER FABAD Farmas\u00f6tik Bilimler Dergisi, farmas\u00f6tik bilimler alan\u0131ndaki orijinal ara\u015ft\u0131rmalar ve derlemelerin yay\u0131mland\u0131\u011f\u0131, a\u00e7\u0131k eri\u015fimli ve hakemli bir dergidir. 1976 Copyright Act\u2019e g\u00f6re, yay\u0131mlanmak \u00fczere kabul edilen yaz\u0131lar\u0131n her t\u00fcrl\u00fc yay\u0131n hakk\u0131 dergiyi yay\u0131mlayan kuruma aittir. Makalelerin yay\u0131n ve telif haklar\u0131 dergiye ait olup, telif hakk\u0131 i\u00e7in \u00f6deme yap\u0131lmaz. Dergiye gelen&hellip;<\/p>\n","protected":false},"author":1,"featured_media":0,"parent":0,"menu_order":0,"comment_status":"closed","ping_status":"closed","template":"","meta":{"footnotes":""},"class_list":["post-2093","page","type-page","status-publish","hentry"],"_links":{"self":[{"href":"https:\/\/dergi.fabad.org.tr\/tr\/wp-json\/wp\/v2\/pages\/2093","targetHints":{"allow":["GET"]}}],"collection":[{"href":"https:\/\/dergi.fabad.org.tr\/tr\/wp-json\/wp\/v2\/pages"}],"about":[{"href":"https:\/\/dergi.fabad.org.tr\/tr\/wp-json\/wp\/v2\/types\/page"}],"author":[{"embeddable":true,"href":"https:\/\/dergi.fabad.org.tr\/tr\/wp-json\/wp\/v2\/users\/1"}],"replies":[{"embeddable":true,"href":"https:\/\/dergi.fabad.org.tr\/tr\/wp-json\/wp\/v2\/comments?post=2093"}],"version-history":[{"count":6,"href":"https:\/\/dergi.fabad.org.tr\/tr\/wp-json\/wp\/v2\/pages\/2093\/revisions"}],"predecessor-version":[{"id":2385,"href":"https:\/\/dergi.fabad.org.tr\/tr\/wp-json\/wp\/v2\/pages\/2093\/revisions\/2385"}],"wp:attachment":[{"href":"https:\/\/dergi.fabad.org.tr\/tr\/wp-json\/wp\/v2\/media?parent=2093"}],"curies":[{"name":"wp","href":"https:\/\/api.w.org\/{rel}","templated":true}]}}