{"id":2099,"date":"2021-07-08T17:04:26","date_gmt":"2021-07-08T14:04:26","guid":{"rendered":"http:\/\/dergi.fabad.org.tr\/?page_id=2099"},"modified":"2022-11-17T17:15:59","modified_gmt":"2022-11-17T14:15:59","slug":"evaluation-and-refereeing-process","status":"publish","type":"page","link":"https:\/\/dergi.fabad.org.tr\/tr\/evaluation-and-refereeing-process\/","title":{"rendered":"De\u011ferlendirme ve Hakemlik S\u00fcreci"},"content":{"rendered":"<p>Dergiye gelen makaleler edit\u00f6r \/edit\u00f6r yard\u0131mc\u0131(lar)\u0131 taraf\u0131ndan bi\u00e7imsel ve bilimsel bir \u00f6n incelemeye tabi tutulur. Bilimsel ve bi\u00e7imsel \u00f6n de\u011ferlendirmeyi ge\u00e7emeyen makaleler kesinlikle kabul edilmez.<\/p>\n<p>Makale ile birlikte, intihal raporunun sisteme y\u00fcklenmesi gerekmektedir. Genel olarak intihal raporu %20\u2019nin \u00fczerinde olan makaleler de\u011ferlendirmeye al\u0131nmaz.<\/p>\n<p>\u00d6n incelemeden ge\u00e7en makaleler ba\u015f edit\u00f6r\/edit\u00f6r yard\u0131mc\u0131(lar)\u0131 taraf\u0131ndan en az iki uzman hakeme g\u00f6nderilerek bilimsel olarak de\u011ferlendirilmesi sa\u011flan\u0131r.<\/p>\n<p>De\u011ferlendirme s\u00fcreci tamamlanan ve dergide yay\u0131nlanmak \u00fczere kabul edilen makalelerin yay\u0131nlanma s\u0131ras\u0131na dergi edit\u00f6r\/edit\u00f6r yard\u0131mc\u0131(lar)\u0131 makalelerin geli\u015f tarihine g\u00f6re karar verir.<\/p>\n<p>Makale de\u011ferlendirme s\u00fcre\u00e7leri ortalama 60 g\u00fcn i\u00e7inde tamamlan\u0131r.<\/p>\n<p>Makalenin de\u011ferlendirilmesi ile ilgili yaz\u0131\u015fmalar sadece sorumlu yazar ile yap\u0131l\u0131r.<\/p>","protected":false},"excerpt":{"rendered":"<p>Dergiye gelen makaleler edit\u00f6r \/edit\u00f6r yard\u0131mc\u0131(lar)\u0131 taraf\u0131ndan bi\u00e7imsel ve bilimsel bir \u00f6n incelemeye tabi tutulur. Bilimsel ve bi\u00e7imsel \u00f6n de\u011ferlendirmeyi ge\u00e7emeyen makaleler kesinlikle kabul edilmez. Makale ile birlikte, intihal raporunun sisteme y\u00fcklenmesi gerekmektedir. Genel olarak intihal raporu %20\u2019nin \u00fczerinde olan makaleler de\u011ferlendirmeye al\u0131nmaz. \u00d6n incelemeden ge\u00e7en makaleler ba\u015f edit\u00f6r\/edit\u00f6r yard\u0131mc\u0131(lar)\u0131 taraf\u0131ndan en az iki uzman&hellip;<\/p>\n","protected":false},"author":1,"featured_media":0,"parent":0,"menu_order":0,"comment_status":"closed","ping_status":"closed","template":"","meta":{"footnotes":""},"class_list":["post-2099","page","type-page","status-publish","hentry"],"_links":{"self":[{"href":"https:\/\/dergi.fabad.org.tr\/tr\/wp-json\/wp\/v2\/pages\/2099","targetHints":{"allow":["GET"]}}],"collection":[{"href":"https:\/\/dergi.fabad.org.tr\/tr\/wp-json\/wp\/v2\/pages"}],"about":[{"href":"https:\/\/dergi.fabad.org.tr\/tr\/wp-json\/wp\/v2\/types\/page"}],"author":[{"embeddable":true,"href":"https:\/\/dergi.fabad.org.tr\/tr\/wp-json\/wp\/v2\/users\/1"}],"replies":[{"embeddable":true,"href":"https:\/\/dergi.fabad.org.tr\/tr\/wp-json\/wp\/v2\/comments?post=2099"}],"version-history":[{"count":3,"href":"https:\/\/dergi.fabad.org.tr\/tr\/wp-json\/wp\/v2\/pages\/2099\/revisions"}],"predecessor-version":[{"id":2383,"href":"https:\/\/dergi.fabad.org.tr\/tr\/wp-json\/wp\/v2\/pages\/2099\/revisions\/2383"}],"wp:attachment":[{"href":"https:\/\/dergi.fabad.org.tr\/tr\/wp-json\/wp\/v2\/media?parent=2099"}],"curies":[{"name":"wp","href":"https:\/\/api.w.org\/{rel}","templated":true}]}}