{"id":393,"date":"2017-12-20T23:27:28","date_gmt":"2017-12-20T20:27:28","guid":{"rendered":"http:\/\/dergi.fabad.org.tr\/new\/?page_id=393"},"modified":"2022-11-17T17:18:58","modified_gmt":"2022-11-17T14:18:58","slug":"tarihce","status":"publish","type":"page","link":"https:\/\/dergi.fabad.org.tr\/tr\/tarihce\/","title":{"rendered":"Tarih\u00e7e"},"content":{"rendered":"<p><\/p>\n<p style=\"text-align: justify;\">FABAD Ankara Eczac\u0131l\u0131k Bilimleri Derne\u011fi\u2019nin \u00e7e\u015fitli bilimsel ve sosyal faaliyetleri aras\u0131nda en \u00f6nemlisi \u201cFABAD Eczac\u0131l\u0131k Bilimleri Dergisi\u201d ni yay\u0131nlamak ve da\u011f\u0131tmakt\u0131r. Dergi 1969 y\u0131l\u0131nda \u201cAnkara Eczac\u0131l\u0131k Bilimleri Derne\u011fi B\u00fclteni\u201d ad\u0131yla yay\u0131mlanmaya ba\u015flam\u0131\u015ft\u0131r. O s\u0131ralarda b\u00fcltenin Yay\u0131nc\u0131s\u0131 Abdullah UNGAN ve D\u00fczenleme Komitesi \u00fcyeleri Prof. Dr. Enver \u0130ZG\u00dc, Prof. Dr. Mekin TANKER, Ecz. Ay\u015fen KARAN, Ecz. Suna DURU, Ecz. Okan ATAY ve Ecz. H\u00fcsn\u00fc \u00d6ZG\u00d6REN ve yay\u0131n kurulu \u00fcyeleri ise Prof. Dr. Mekin TANKER, Ecz. Okan ATAY ve Ecz. Ekrem SEZ\u0130K\u2019tir.\u00a0 1981 y\u0131l\u0131na kadar bu b\u00fclten y\u0131lda 2-3 kez yay\u0131nlanm\u0131\u015ft\u0131r. B\u00fclten Eyl\u00fcl 1981\u2019den itibaren \u201cFABAD Eczac\u0131l\u0131k Bilimleri Dergisi\u201d olarak yeniden adland\u0131r\u0131lm\u0131\u015ft\u0131r. 2017 y\u0131l\u0131ndan itibaren y\u0131lda \u00fc\u00e7 say\u0131 olarak (Nisan, A\u011fustos ve Aral\u0131k) yay\u0131nlanmaya devam edilmektedir. FABAD Ankara Eczac\u0131l\u0131k Bilimleri Derne\u011fi\u2019nin kapak sayfas\u0131 a\u015fa\u011f\u0131da g\u00f6sterildi\u011fi gibi 5 kez de\u011fi\u015ftirilmi\u015ftir. 1993 y\u0131l\u0131nda derginin boyutu A4 format\u0131na \u00e7evrilmi\u015f ve bilimsel makalelerin dili \u0130ngilizce olarak belirlenmi\u015ftir. 2002 y\u0131l\u0131ndan itibaren Derginin resmi dili tamamen \u0130ngilizce olarak de\u011fi\u015ftirilmi\u015f ve bu d\u00f6nemde kapak sayfas\u0131 da yenilenmi\u015ftir. FABAD Eczac\u0131l\u0131k Bilimleri Dergisi, a\u015fa\u011f\u0131da g\u00f6sterildi\u011fi gibi 19 Eyl\u00fcl 1983\u2019ten beri Chemical Abstracts\u2019da indekslenmeye kabul edilmi\u015ftir. Dergi \u015fu anda Chemical Abstracts, Analytical Abstracts, International Pharmaceutical Abstracts, Excerpta Medica (EMBASE), Scopus, Turkish Medical Index ve TR Dizin\u2019de indekslenmektedir. Dergi elektronik yay\u0131nc\u0131l\u0131\u011f\u0131na ge\u00e7meden \u00f6nce T\u00fcrkiye (393) ve T\u00fcrkiye d\u0131\u015f\u0131ndaki (59) \u00e7e\u015fitli k\u00fct\u00fcphanelere, \u00fcyelere ve ilgili veri taban\u0131 merkezlerine toplam 452 adet olmak \u00fczere da\u011f\u0131t\u0131lm\u0131\u015ft\u0131r. 2005 y\u0131l\u0131nda derginin web sitesi yenilenmi\u015f ve 1995 y\u0131l\u0131ndan bu yana yay\u0131nlanan yay\u0131nlar\u0131n \u00f6zetlerine ve 2003 y\u0131l\u0131ndan bu yana yay\u0131nlanan yay\u0131nlar\u0131n tam metinlerine eri\u015fim sa\u011flanm\u0131\u015ft\u0131r. 2016 y\u0131l\u0131nda dergi i\u00e7in web sitesi yeniden g\u00fcncellenmi\u015f ve derginin yay\u0131n hayat\u0131na ba\u015flad\u0131\u011f\u0131 1970 tarihinden itibaren t\u00fcm makalelerin PDF dosyalar\u0131na eri\u015fim sa\u011flanm\u0131\u015ft\u0131r.<\/p>\n<p>1969&#8217;dan g\u00fcn\u00fcm\u00fcze kadar, Ba\u015f Edit\u00f6r ve Yard\u0131mc\u0131 Edit\u00f6rlerin isimleri a\u015fa\u011f\u0131da listelenmi\u015ftir.<\/p>\n<ul>\n<li style=\"list-style-type: none;\">\n<ul>\n<li><strong>1969-1981;<\/strong><br \/>\nEnver IZG\u00dc (Ba\u015f Edit\u00f6r)<\/li>\n<li><strong>1981 Mart-1984 Temmuz;<\/strong><br \/>\nAysen KARAN (Ba\u015f Edit\u00f6r)<\/li>\n<li><strong>1984 Eyl\u00fcl -1985 Aral\u0131k;<\/strong><br \/>\nAysen KARAN (Ba\u015f Edit\u00f6r)<br \/>\nOkan ATAY (Yard\u0131mc\u0131 Editor)<\/li>\n<li><strong>1986 Mart-1986 Eyl\u00fcl;<\/strong><br \/>\nOkan ATAY (Ba\u015f Edit\u00f6r)<br \/>\nS\u00fcheyla KAS (Yard\u0131mc\u0131 Editor)<\/li>\n<li><strong>1986 Aral\u0131k -1988 Eyl\u00fcl;<\/strong><br \/>\nOkan ATAY (Ba\u015f Edit\u00f6r)<br \/>\nFethi SAHIN (Yard\u0131mc\u0131 Editor)<\/li>\n<li><strong>1988 Aral\u0131k -1990 Aral\u0131k;<\/strong><br \/>\nOkan ATAY (Ba\u015f Edit\u00f6r)<br \/>\nS\u00fcheyla KAS (Yard\u0131mc\u0131 Editor)<\/li>\n<li><strong>1991 Mart-1992 Haziran;<\/strong><br \/>\nIsmail \u00dcSTEL (Ba\u015f Edit\u00f6r)<br \/>\nUfuk ABBASOGLU (Yard\u0131mc\u0131 Editor)<br \/>\nAhmet BASARAN (Yard\u0131mc\u0131 Editor)<\/li>\n<li><strong>1992 Eyl\u00fcl -1994 Eyl\u00fcl;<\/strong><br \/>\nIlbeyi AGABEYOGLU (Ba\u015f Edit\u00f6r)<br \/>\nNevin \u00c7ELEBI (Yard\u0131mc\u0131 Editor)<br \/>\nFatma G\u00dcM\u00dcS (Yard\u0131mc\u0131 Editor)<\/li>\n<li><strong>1994 Aral\u0131k -1995 Haziran;\u00a0<\/strong><br \/>\nIlbeyi AGABEYOGLU (Ba\u015f Edit\u00f6r)<br \/>\nFatma G\u00dcM\u00dcS (Yard\u0131mc\u0131 Editor)<br \/>\nF\u00fcsun ACART\u00dcRK (Yard\u0131mc\u0131 Editor)<\/li>\n<li><strong>1995 Eyl\u00fcl -1996 Haziran;\u00a0<\/strong><br \/>\nIlbeyi AGABEYOGLU (Ba\u015f Edit\u00f6r)<br \/>\nFatma G\u00dcM\u00dcS (Yard\u0131mc\u0131 Editor)<\/li>\n<li><strong>1996 Eyl\u00fcl -1998 Eyl\u00fcl;<\/strong><br \/>\nSema BURGAZ (Ba\u015f Edit\u00f6r)<br \/>\nSenay K\u00dcSMENOGLU (Yard\u0131mc\u0131 Editor)<br \/>\nSulhiye YILDIZ (Yard\u0131mc\u0131 Editor)<\/li>\n<li><strong>1998 Aral\u0131k -2000 Eyl\u00fcl;<\/strong><br \/>\nRahmiye ERTAN (Ba\u015f Edit\u00f6r)<br \/>\nErdem YESILADA (Yard\u0131mc\u0131 Editor)<br \/>\nSevgi SAR (Yard\u0131mc\u0131 Editor)<\/li>\n<li><strong>2000 Aral\u0131k-2002 Eyl\u00fcl;<\/strong><br \/>\nSema \u00c7ALIS (Ba\u015f Edit\u00f6r)<br \/>\nSelma SARA\u00c7 (Yard\u0131mc\u0131 Editor)<br \/>\nTayfun UZBAY (Yard\u0131mc\u0131 Editor)<\/li>\n<li><strong>2002 Aral\u0131k-2003 Aral\u0131k;<\/strong><br \/>\nSema \u00c7ALIS (Ba\u015f Edit\u00f6r)<br \/>\nSelma SARA\u00c7 (Yard\u0131mc\u0131 Editor)<br \/>\nG\u00fclberk U\u00c7AR (Yard\u0131mc\u0131 Editor))<\/li>\n<li><strong>2004 Mart \u2013 2009 Ocak;<\/strong><br \/>\nSelma SARA\u00c7 (Ba\u015f Edit\u00f6r)<br \/>\n\u00dcnsal \u00c7ALIS (Yard\u0131mc\u0131 Editor)<br \/>\nBelma GIRAY (Yard\u0131mc\u0131 Editor)<\/li>\n<li><strong>2009 Ocak-2011 Eyl\u00fcl;<\/strong><br \/>\nSevda \u015eENEL (Ba\u015f Edit\u00f6r)<br \/>\nNeslihan G\u00dcRSOY (Yard\u0131mc\u0131 Editor)<br \/>\n\u00dc. \u015eebnem HARPUT H\u00dcDAVERD\u0130 (Yard\u0131mc\u0131 Editor)<\/li>\n<li><strong>2011 Eyl\u00fcl-2013 Haziran;<\/strong><br \/>\nDidem DEL\u0130ORMAN ORHAN (Ba\u015f Edit\u00f6r)<br \/>\nSultan BAYTA\u015e (Yard\u0131mc\u0131 Editor)<br \/>\nAhmet O\u011fuz ADA (Yard\u0131mc\u0131 Editor)<br \/>\n\u0130ffet \u0130rem \u00c7ANKAYA (Yard\u0131mc\u0131 Editor)<br \/>\nAysel BERKKAN (Yard\u0131mc\u0131 Editor)<\/li>\n<li><strong>2013 September-2016 January;<\/strong><br \/>\nDidem DEL\u0130ORMAN ORHAN (Ba\u015f Edit\u00f6r)<br \/>\nAhmet O\u011fuz ADA (Yard\u0131mc\u0131 Editor)<br \/>\n\u0130ffet \u0130rem \u00c7ANKAYA (Yard\u0131mc\u0131 Editor)<br \/>\nAysel BERKKAN (Yard\u0131mc\u0131 Editor)<br \/>\nNil\u00fcfer ORHAN (Yard\u0131mc\u0131 Editor)<\/li>\n<li><strong>2016 Ocak-2017 Aral\u0131k;<\/strong><br \/>\nNesrin G\u00d6KHAN-KELEK\u00c7\u0130 (Ba\u015f Edit\u00f6r)<br \/>\nAhmet O\u011fuz ADA (Yard\u0131mc\u0131 Editor)<br \/>\nIrem TATLI \u00c7ANKAYA (Yard\u0131mc\u0131 Editor)<br \/>\nSibel \u0130LBASMI\u015e TAMER (Yard\u0131mc\u0131 Editor)<br \/>\nSuna SABUNCUO\u011eLU(Yard\u0131mc\u0131 Editor)<\/li>\n<li><strong>2018 Ocak-2019 Kas\u0131m;<\/strong><br \/>\nNesrin G\u00d6KHAN-KELEK\u00c7\u0130 (Ba\u015f Edit\u00f6r)<br \/>\nAhmet O\u011fuz ADA (Yard\u0131mc\u0131 Editor)<br \/>\nSibel \u0130LBASMI\u015e TAMER (Yard\u0131mc\u0131 Editor)<br \/>\nSuna SABUNCUO\u011eLU(Yard\u0131mc\u0131 Editor)<\/li>\n<li><strong>2019 Kas\u0131m-2022 Kas\u0131m;<\/strong><br \/>\nNesrin G\u00d6KHAN-KELEK\u00c7\u0130 (Ba\u015f Edit\u00f6r)<br \/>\nAhmet O\u011fuz ADA (Yard\u0131mc\u0131 Editor)<br \/>\nSibel \u0130LBASMI\u015e TAMER (Yard\u0131mc\u0131 Editor)<br \/>\nSuna SABUNCUO\u011eLU(Yard\u0131mc\u0131 Editor)<br \/>\nSelen Alp (Yard\u0131mc\u0131 Editor)<br \/>\nFatma Sezer \u015eenol Deniz (Yard\u0131mc\u0131 Editor)<\/li>\n<li><strong>2022 Kas\u0131m &#8211; ;<\/strong><br \/>\nNesrin G\u00d6KHAN-KELEK\u00c7\u0130 (Ba\u015f Edit\u00f6r)<br \/>\nSibel \u0130LBASMI\u015e TAMER (Yard\u0131mc\u0131 Edit\u00f6r)<br \/>\nSelen ALP\u00a0(Yard\u0131mc\u0131 Edit\u00f6r)<br \/>\nFatma Sezer \u015eENOL DENIZ\u00a0(Yard\u0131mc\u0131 Edit\u00f6r)<br \/>\nG\u00f6k\u00e7en TELL\u0130 (Teknik Edit\u00f6r)<br \/>\nMurat KUTLUAY (Teknik Edit\u00f6r)<br \/>\nHatice Ya\u011fmur ZENG\u0130N (Biyoistatistik Edit\u00f6r\u00fc)<\/li>\n<\/ul>\n<\/li>\n<\/ul>\n<div id='gallery-1' class='gallery galleryid-393 gallery-columns-5 gallery-size-medium'><figure class='gallery-item'>\n\t\t\t<div class='gallery-icon portrait'>\n\t\t\t\t<a href='https:\/\/dergi.fabad.org.tr\/wp-content\/uploads\/2017\/12\/FABAD_Kapak_1969-1981.jpg'><img loading=\"lazy\" decoding=\"async\" width=\"209\" height=\"300\" src=\"https:\/\/dergi.fabad.org.tr\/wp-content\/uploads\/2017\/12\/FABAD_Kapak_1969-1981-209x300.jpg\" class=\"attachment-medium size-medium\" alt=\"1969, 1 (1) \u2013 1981, 6(1).\" aria-describedby=\"gallery-1-394\" srcset=\"https:\/\/dergi.fabad.org.tr\/wp-content\/uploads\/2017\/12\/FABAD_Kapak_1969-1981-209x300.jpg 209w, https:\/\/dergi.fabad.org.tr\/wp-content\/uploads\/2017\/12\/FABAD_Kapak_1969-1981.jpg 300w\" sizes=\"auto, (max-width: 209px) 100vw, 209px\" \/><\/a>\n\t\t\t<\/div>\n\t\t\t\t<figcaption class='wp-caption-text gallery-caption' id='gallery-1-394'>\n\t\t\t\t1969, 1 (1) \u2013 1981, 6(1).\n\t\t\t\t<\/figcaption><\/figure><figure class='gallery-item'>\n\t\t\t<div class='gallery-icon portrait'>\n\t\t\t\t<a href='https:\/\/dergi.fabad.org.tr\/wp-content\/uploads\/2017\/12\/FABAD_Kapak_1981-1986.jpg'><img loading=\"lazy\" decoding=\"async\" width=\"209\" height=\"300\" src=\"https:\/\/dergi.fabad.org.tr\/wp-content\/uploads\/2017\/12\/FABAD_Kapak_1981-1986-209x300.jpg\" class=\"attachment-medium size-medium\" alt=\"1981, 6 (2) \u2013 1986, 11(4).\" aria-describedby=\"gallery-1-395\" srcset=\"https:\/\/dergi.fabad.org.tr\/wp-content\/uploads\/2017\/12\/FABAD_Kapak_1981-1986-209x300.jpg 209w, https:\/\/dergi.fabad.org.tr\/wp-content\/uploads\/2017\/12\/FABAD_Kapak_1981-1986.jpg 300w\" sizes=\"auto, (max-width: 209px) 100vw, 209px\" \/><\/a>\n\t\t\t<\/div>\n\t\t\t\t<figcaption class='wp-caption-text gallery-caption' id='gallery-1-395'>\n\t\t\t\t1981, 6 (2) \u2013 1986, 11(4).\n\t\t\t\t<\/figcaption><\/figure><figure class='gallery-item'>\n\t\t\t<div class='gallery-icon portrait'>\n\t\t\t\t<a href='https:\/\/dergi.fabad.org.tr\/wp-content\/uploads\/2017\/12\/FABAD_Kapak_1987-1992.jpg'><img loading=\"lazy\" decoding=\"async\" width=\"210\" height=\"300\" src=\"https:\/\/dergi.fabad.org.tr\/wp-content\/uploads\/2017\/12\/FABAD_Kapak_1987-1992-210x300.jpg\" class=\"attachment-medium size-medium\" alt=\"1987, 12(1) \u2013 1992, 17(4).\" aria-describedby=\"gallery-1-396\" srcset=\"https:\/\/dergi.fabad.org.tr\/wp-content\/uploads\/2017\/12\/FABAD_Kapak_1987-1992-210x300.jpg 210w, https:\/\/dergi.fabad.org.tr\/wp-content\/uploads\/2017\/12\/FABAD_Kapak_1987-1992.jpg 300w\" sizes=\"auto, (max-width: 210px) 100vw, 210px\" \/><\/a>\n\t\t\t<\/div>\n\t\t\t\t<figcaption class='wp-caption-text gallery-caption' id='gallery-1-396'>\n\t\t\t\t1987, 12(1) \u2013 1992, 17(4).\n\t\t\t\t<\/figcaption><\/figure><figure class='gallery-item'>\n\t\t\t<div class='gallery-icon portrait'>\n\t\t\t\t<a href='https:\/\/dergi.fabad.org.tr\/wp-content\/uploads\/2017\/12\/FABAD_Kapak_1993-2000.jpg'><img loading=\"lazy\" decoding=\"async\" width=\"218\" height=\"300\" src=\"https:\/\/dergi.fabad.org.tr\/wp-content\/uploads\/2017\/12\/FABAD_Kapak_1993-2000-218x300.jpg\" class=\"attachment-medium size-medium\" alt=\"1993, 18 (1) \u2013 2000, 25(3).\" aria-describedby=\"gallery-1-397\" srcset=\"https:\/\/dergi.fabad.org.tr\/wp-content\/uploads\/2017\/12\/FABAD_Kapak_1993-2000-218x300.jpg 218w, https:\/\/dergi.fabad.org.tr\/wp-content\/uploads\/2017\/12\/FABAD_Kapak_1993-2000.jpg 300w\" sizes=\"auto, (max-width: 218px) 100vw, 218px\" \/><\/a>\n\t\t\t<\/div>\n\t\t\t\t<figcaption class='wp-caption-text gallery-caption' id='gallery-1-397'>\n\t\t\t\t1993, 18 (1) \u2013 2000, 25(3).\n\t\t\t\t<\/figcaption><\/figure><figure class='gallery-item'>\n\t\t\t<div class='gallery-icon portrait'>\n\t\t\t\t<a href='https:\/\/dergi.fabad.org.tr\/wp-content\/uploads\/2017\/12\/FABAD_Kapak_2000-today.jpg'><img loading=\"lazy\" decoding=\"async\" width=\"217\" height=\"300\" src=\"https:\/\/dergi.fabad.org.tr\/wp-content\/uploads\/2017\/12\/FABAD_Kapak_2000-today-217x300.jpg\" class=\"attachment-medium size-medium\" alt=\"2000, 25(4) \u2013 Today.\" aria-describedby=\"gallery-1-398\" srcset=\"https:\/\/dergi.fabad.org.tr\/wp-content\/uploads\/2017\/12\/FABAD_Kapak_2000-today-217x300.jpg 217w, https:\/\/dergi.fabad.org.tr\/wp-content\/uploads\/2017\/12\/FABAD_Kapak_2000-today.jpg 300w\" sizes=\"auto, (max-width: 217px) 100vw, 217px\" \/><\/a>\n\t\t\t<\/div>\n\t\t\t\t<figcaption class='wp-caption-text gallery-caption' id='gallery-1-398'>\n\t\t\t\t2000, 25(4) \u2013 Today.\n\t\t\t\t<\/figcaption><\/figure>\n\t\t<\/div>\n\n<p><figure id=\"attachment_399\" aria-describedby=\"caption-attachment-399\" style=\"width: 600px\" class=\"wp-caption aligncenter\"><a href=\"http:\/\/dergi.fabad.org.tr\/new\/wp-content\/uploads\/2017\/12\/chemical_ca.jpg\"><img loading=\"lazy\" decoding=\"async\" class=\"wp-image-399 size-full\" src=\"http:\/\/dergi.fabad.org.tr\/new\/wp-content\/uploads\/2017\/12\/chemical_ca.jpg\" alt=\"Chemical Abstracts Service\" width=\"600\" height=\"701\" srcset=\"https:\/\/dergi.fabad.org.tr\/wp-content\/uploads\/2017\/12\/chemical_ca.jpg 600w, https:\/\/dergi.fabad.org.tr\/wp-content\/uploads\/2017\/12\/chemical_ca-257x300.jpg 257w\" sizes=\"auto, (max-width: 600px) 100vw, 600px\" \/><\/a><figcaption id=\"caption-attachment-399\" class=\"wp-caption-text\">Chemical Abstracts Service<\/figcaption><\/figure><\/p>","protected":false},"excerpt":{"rendered":"<p>FABAD Ankara Eczac\u0131l\u0131k Bilimleri Derne\u011fi\u2019nin \u00e7e\u015fitli bilimsel ve sosyal faaliyetleri aras\u0131nda en \u00f6nemlisi \u201cFABAD Eczac\u0131l\u0131k Bilimleri Dergisi\u201d ni yay\u0131nlamak ve da\u011f\u0131tmakt\u0131r. Dergi 1969 y\u0131l\u0131nda \u201cAnkara Eczac\u0131l\u0131k Bilimleri Derne\u011fi B\u00fclteni\u201d ad\u0131yla yay\u0131mlanmaya ba\u015flam\u0131\u015ft\u0131r. O s\u0131ralarda b\u00fcltenin Yay\u0131nc\u0131s\u0131 Abdullah UNGAN ve D\u00fczenleme Komitesi \u00fcyeleri Prof. Dr. Enver \u0130ZG\u00dc, Prof. Dr. Mekin TANKER, Ecz. Ay\u015fen KARAN, Ecz. Suna&hellip;<\/p>\n","protected":false},"author":1,"featured_media":0,"parent":0,"menu_order":0,"comment_status":"closed","ping_status":"closed","template":"","meta":{"footnotes":""},"class_list":["post-393","page","type-page","status-publish","hentry"],"_links":{"self":[{"href":"https:\/\/dergi.fabad.org.tr\/tr\/wp-json\/wp\/v2\/pages\/393","targetHints":{"allow":["GET"]}}],"collection":[{"href":"https:\/\/dergi.fabad.org.tr\/tr\/wp-json\/wp\/v2\/pages"}],"about":[{"href":"https:\/\/dergi.fabad.org.tr\/tr\/wp-json\/wp\/v2\/types\/page"}],"author":[{"embeddable":true,"href":"https:\/\/dergi.fabad.org.tr\/tr\/wp-json\/wp\/v2\/users\/1"}],"replies":[{"embeddable":true,"href":"https:\/\/dergi.fabad.org.tr\/tr\/wp-json\/wp\/v2\/comments?post=393"}],"version-history":[{"count":6,"href":"https:\/\/dergi.fabad.org.tr\/tr\/wp-json\/wp\/v2\/pages\/393\/revisions"}],"predecessor-version":[{"id":2384,"href":"https:\/\/dergi.fabad.org.tr\/tr\/wp-json\/wp\/v2\/pages\/393\/revisions\/2384"}],"wp:attachment":[{"href":"https:\/\/dergi.fabad.org.tr\/tr\/wp-json\/wp\/v2\/media?parent=393"}],"curies":[{"name":"wp","href":"https:\/\/api.w.org\/{rel}","templated":true}]}}