{"id":430,"date":"2017-12-21T00:58:53","date_gmt":"2017-12-20T21:58:53","guid":{"rendered":"http:\/\/dergi.fabad.org.tr\/new\/?page_id=430"},"modified":"2022-11-17T17:14:47","modified_gmt":"2022-11-17T14:14:47","slug":"ornek-yayinlar","status":"publish","type":"page","link":"https:\/\/dergi.fabad.org.tr\/tr\/ornek-yayinlar\/","title":{"rendered":"\u00d6rnek Yay\u0131nlar ve Makale \u015eablonu"},"content":{"rendered":"<p>Makalenizi haz\u0131rlarken en son say\u0131m\u0131zdaki ara\u015ft\u0131rma ve derleme makalelerini \u00f6rnek olarak inceleyebilirsiniz.<\/p>\n<p>Ara\u015ft\u0131rma makaleleri 20 sayfay\u0131 ge\u00e7meyecek \u015fekilde, Derlemeler 30 sayfay\u0131 ge\u00e7meyecek \u015fekilde <a href=\"https:\/\/dergi.fabad.org.tr\/file\/Title%20Page%20Templete%20(Ba%C5%9Fl%C4%B1k%20Sayfas%C4%B1).docx\" target=\"_blank\" rel=\"noopener\">Ba\u015fl\u0131k Sayfas\u0131<\/a> ve <a href=\"https:\/\/dergi.fabad.org.tr\/file\/Article%20Templete%20(Makale%20%C5%9Eablonu).docx\" target=\"_blank\" rel=\"noopener\">Makale \u015eablonu<\/a>\u2019na uygun \u015fekilde g\u00f6nderilmelidir.<\/p>\n<div id=\"gtx-trans\" style=\"position: absolute; left: -36px; top: 0px;\">\n<div class=\"gtx-trans-icon\"><\/div>\n<\/div>\n<p><\/p>","protected":false},"excerpt":{"rendered":"<p>Makalenizi haz\u0131rlarken en son say\u0131m\u0131zdaki ara\u015ft\u0131rma ve derleme makalelerini \u00f6rnek olarak inceleyebilirsiniz. Ara\u015ft\u0131rma makaleleri 20 sayfay\u0131 ge\u00e7meyecek \u015fekilde, Derlemeler 30 sayfay\u0131 ge\u00e7meyecek \u015fekilde Ba\u015fl\u0131k Sayfas\u0131 ve Makale \u015eablonu\u2019na uygun \u015fekilde g\u00f6nderilmelidir.<\/p>\n","protected":false},"author":1,"featured_media":0,"parent":0,"menu_order":0,"comment_status":"closed","ping_status":"closed","template":"","meta":{"footnotes":""},"class_list":["post-430","page","type-page","status-publish","hentry"],"_links":{"self":[{"href":"https:\/\/dergi.fabad.org.tr\/tr\/wp-json\/wp\/v2\/pages\/430","targetHints":{"allow":["GET"]}}],"collection":[{"href":"https:\/\/dergi.fabad.org.tr\/tr\/wp-json\/wp\/v2\/pages"}],"about":[{"href":"https:\/\/dergi.fabad.org.tr\/tr\/wp-json\/wp\/v2\/types\/page"}],"author":[{"embeddable":true,"href":"https:\/\/dergi.fabad.org.tr\/tr\/wp-json\/wp\/v2\/users\/1"}],"replies":[{"embeddable":true,"href":"https:\/\/dergi.fabad.org.tr\/tr\/wp-json\/wp\/v2\/comments?post=430"}],"version-history":[{"count":5,"href":"https:\/\/dergi.fabad.org.tr\/tr\/wp-json\/wp\/v2\/pages\/430\/revisions"}],"predecessor-version":[{"id":2382,"href":"https:\/\/dergi.fabad.org.tr\/tr\/wp-json\/wp\/v2\/pages\/430\/revisions\/2382"}],"wp:attachment":[{"href":"https:\/\/dergi.fabad.org.tr\/tr\/wp-json\/wp\/v2\/media?parent=430"}],"curies":[{"name":"wp","href":"https:\/\/api.w.org\/{rel}","templated":true}]}}