{"id":56,"date":"2016-01-03T16:32:08","date_gmt":"2016-01-03T16:32:08","guid":{"rendered":"http:\/\/www.demo.acmethemes.com\/acmeblog\/?page_id=56"},"modified":"2021-02-21T21:38:38","modified_gmt":"2021-02-21T18:38:38","slug":"contact","status":"publish","type":"page","link":"https:\/\/dergi.fabad.org.tr\/tr\/contact\/","title":{"rendered":"\u0130leti\u015fim"},"content":{"rendered":"<p><\/p>\n<table border=\"0\" width=\"100%\" cellspacing=\"1\" cellpadding=\"1\">\n<tbody>\n<tr>\n<td scope=\"col\" valign=\"top\">\n<div align=\"justify\">\n<p>Edit\u00f6r<\/p>\n<p>Prof.Dr. Nesrin G\u00d6KHAN \u2013 KELEK\u00c7\u0130, Editor,<\/p>\n<p>FABAD Farmas\u00f6tik Bilimler Dergisi<\/p>\n<p>Hacettepe \u00dcniversitesi Eczac\u0131l\u0131k Fak\u00fcltesi<\/p>\n<p>Farmas\u00f6tik Kimya Anabilim Dal\u0131<\/p>\n<p>06100, S\u0131hhiye-ANKARA<\/p>\n<p>e-mail: fabadankara@gmail.com<\/p>\n<\/div>\n<\/td>\n<td scope=\"col\">\u00a0\n<div class=\"wpcf7 no-js\" id=\"wpcf7-f410-o1\" lang=\"tr-TR\" dir=\"ltr\" data-wpcf7-id=\"410\">\n<div class=\"screen-reader-response\"><p role=\"status\" aria-live=\"polite\" aria-atomic=\"true\"><\/p> <ul><\/ul><\/div>\n<form action=\"\/tr\/wp-json\/wp\/v2\/pages\/56#wpcf7-f410-o1\" method=\"post\" class=\"wpcf7-form init\" aria-label=\"\u0130leti\u015fim Formu\" novalidate=\"novalidate\" data-status=\"init\">\n<fieldset class=\"hidden-fields-container\"><input type=\"hidden\" name=\"_wpcf7\" value=\"410\" \/><input type=\"hidden\" name=\"_wpcf7_version\" value=\"6.1.5\" \/><input type=\"hidden\" name=\"_wpcf7_locale\" value=\"tr_TR\" \/><input type=\"hidden\" name=\"_wpcf7_unit_tag\" value=\"wpcf7-f410-o1\" \/><input type=\"hidden\" name=\"_wpcf7_container_post\" value=\"0\" \/><input type=\"hidden\" name=\"_wpcf7_posted_data_hash\" value=\"\" \/><input type=\"hidden\" name=\"_wpcf7_recaptcha_response\" value=\"\" \/>\n<\/fieldset>\n<p><label> Ad\u0131n\u0131z (gerekli)<br \/>\n<span class=\"wpcf7-form-control-wrap\" data-name=\"your-name\"><input size=\"40\" maxlength=\"400\" class=\"wpcf7-form-control wpcf7-text wpcf7-validates-as-required\" aria-required=\"true\" aria-invalid=\"false\" value=\"\" type=\"text\" name=\"your-name\" \/><\/span> <\/label>\n<\/p>\n<p><label> E-posta adresiniz (gerekli)<br \/>\n<span class=\"wpcf7-form-control-wrap\" data-name=\"your-email\"><input size=\"40\" maxlength=\"400\" class=\"wpcf7-form-control wpcf7-email wpcf7-validates-as-required wpcf7-text wpcf7-validates-as-email\" aria-required=\"true\" aria-invalid=\"false\" value=\"\" type=\"email\" name=\"your-email\" \/><\/span> <\/label>\n<\/p>\n<p><label> Konu<br \/>\n<span class=\"wpcf7-form-control-wrap\" data-name=\"your-subject\"><input size=\"40\" maxlength=\"400\" class=\"wpcf7-form-control wpcf7-text\" aria-invalid=\"false\" value=\"\" type=\"text\" name=\"your-subject\" \/><\/span> <\/label>\n<\/p>\n<p><label> \u0130letiniz<br \/>\n<span class=\"wpcf7-form-control-wrap\" data-name=\"your-message\"><textarea cols=\"40\" rows=\"10\" maxlength=\"2000\" class=\"wpcf7-form-control wpcf7-textarea\" aria-invalid=\"false\" name=\"your-message\"><\/textarea><\/span> <\/label>\n<\/p>\n\n<p><input class=\"wpcf7-form-control wpcf7-submit has-spinner\" type=\"submit\" value=\"G\u00f6nder\" \/>\n<\/p><div class=\"wpcf7-response-output\" aria-hidden=\"true\"><\/div>\n<\/form>\n<\/div>\n<\/td>\n<\/tr>\n<\/tbody>\n<\/table>\n<p><\/p>","protected":false},"excerpt":{"rendered":"<p>Edit\u00f6r Prof.Dr. Nesrin G\u00d6KHAN \u2013 KELEK\u00c7\u0130, Editor, FABAD Farmas\u00f6tik Bilimler Dergisi Hacettepe \u00dcniversitesi Eczac\u0131l\u0131k Fak\u00fcltesi Farmas\u00f6tik Kimya Anabilim Dal\u0131 06100, S\u0131hhiye-ANKARA e-mail: fabadankara@gmail.com \u00a0<\/p>\n","protected":false},"author":1,"featured_media":0,"parent":0,"menu_order":0,"comment_status":"closed","ping_status":"closed","template":"","meta":{"footnotes":""},"class_list":["post-56","page","type-page","status-publish","hentry"],"_links":{"self":[{"href":"https:\/\/dergi.fabad.org.tr\/tr\/wp-json\/wp\/v2\/pages\/56","targetHints":{"allow":["GET"]}}],"collection":[{"href":"https:\/\/dergi.fabad.org.tr\/tr\/wp-json\/wp\/v2\/pages"}],"about":[{"href":"https:\/\/dergi.fabad.org.tr\/tr\/wp-json\/wp\/v2\/types\/page"}],"author":[{"embeddable":true,"href":"https:\/\/dergi.fabad.org.tr\/tr\/wp-json\/wp\/v2\/users\/1"}],"replies":[{"embeddable":true,"href":"https:\/\/dergi.fabad.org.tr\/tr\/wp-json\/wp\/v2\/comments?post=56"}],"version-history":[{"count":1,"href":"https:\/\/dergi.fabad.org.tr\/tr\/wp-json\/wp\/v2\/pages\/56\/revisions"}],"predecessor-version":[{"id":1989,"href":"https:\/\/dergi.fabad.org.tr\/tr\/wp-json\/wp\/v2\/pages\/56\/revisions\/1989"}],"wp:attachment":[{"href":"https:\/\/dergi.fabad.org.tr\/tr\/wp-json\/wp\/v2\/media?parent=56"}],"curies":[{"name":"wp","href":"https:\/\/api.w.org\/{rel}","templated":true}]}}